{"id":1080,"date":"2021-03-08T16:07:19","date_gmt":"2021-03-08T15:07:19","guid":{"rendered":"https:\/\/invictus-corporate.com\/rse\/?page_id=1080"},"modified":"2024-02-15T10:45:34","modified_gmt":"2024-02-15T09:45:34","slug":"le-tourisme-durable","status":"publish","type":"page","link":"https:\/\/invictus-corporate.com\/rse\/le-tourisme-durable\/","title":{"rendered":"Le tourisme durable"},"content":{"rendered":"<p>[et_pb_section fb_built=\u00a0\u00bb1&Prime; fullwidth=\u00a0\u00bbon\u00a0\u00bb admin_label=\u00a0\u00bbOBJECTIFS DURABLES\u00a0\u00bb _builder_version=\u00a0\u00bb4.16&Prime; collapsed=\u00a0\u00bbon\u00a0\u00bb global_colors_info=\u00a0\u00bb{}\u00a0\u00bb][et_pb_fullwidth_image src=\u00a0\u00bbhttps:\/\/invictus-corporate.com\/rse\/wp-content\/uploads\/2020\/08\/visuel-travel-enjoy-respect.jpg\u00a0\u00bb _builder_version=\u00a0\u00bb4.16&Prime; animation_style=\u00a0\u00bbfade\u00a0\u00bb global_colors_info=\u00a0\u00bb{}\u00a0\u00bb][\/et_pb_fullwidth_image][\/et_pb_section][et_pb_section fb_built=\u00a0\u00bb1&Prime; admin_label=\u00a0\u00bbSection\u00a0\u00bb _builder_version=\u00a0\u00bb4.16&Prime; collapsed=\u00a0\u00bbon\u00a0\u00bb global_colors_info=\u00a0\u00bb{}\u00a0\u00bb][et_pb_row column_structure=\u00a0\u00bb2_3,1_3&Prime; _builder_version=\u00a0\u00bb4.16&Prime; custom_margin=\u00a0\u00bb||50px||false|false\u00a0\u00bb global_colors_info=\u00a0\u00bb{}\u00a0\u00bb][et_pb_column type=\u00a0\u00bb2_3&Prime; _builder_version=\u00a0\u00bb4.16&Prime; custom_padding=\u00a0\u00bb|||\u00a0\u00bb global_colors_info=\u00a0\u00bb{}\u00a0\u00bb custom_padding__hover=\u00a0\u00bb|||\u00a0\u00bb][et_pb_text _builder_version=\u00a0\u00bb4.16&Prime; header_font=\u00a0\u00bb||||||||\u00a0\u00bb header_2_font=\u00a0\u00bbOpen Sans Condensed|700|||||||\u00a0\u00bb header_2_font_size=\u00a0\u00bb40px\u00a0\u00bb header_2_line_height=\u00a0\u00bb1.4em\u00a0\u00bb header_2_font_size_tablet=\u00a0\u00bb\u00a0\u00bb header_2_font_size_phone=\u00a0\u00bb28px\u00a0\u00bb header_2_font_size_last_edited=\u00a0\u00bbon|desktop\u00a0\u00bb global_colors_info=\u00a0\u00bb{}\u00a0\u00bb]<\/p>\n<h2>L&rsquo;Organisation mondiale du tourisme<\/h2>\n<p>[\/et_pb_text][et_pb_divider divider_weight=\u00a0\u00bb2px\u00a0\u00bb _builder_version=\u00a0\u00bb4.16&Prime; max_width=\u00a0\u00bb100px\u00a0\u00bb global_colors_info=\u00a0\u00bb{}\u00a0\u00bb][\/et_pb_divider][et_pb_text _builder_version=\u00a0\u00bb4.16&Prime; header_font=\u00a0\u00bb||||||||\u00a0\u00bb header_4_font=\u00a0\u00bb|700||on|||||\u00a0\u00bb header_4_font_size=\u00a0\u00bb12px\u00a0\u00bb header_4_letter_spacing=\u00a0\u00bb2px\u00a0\u00bb header_4_line_height=\u00a0\u00bb1.8em\u00a0\u00bb custom_margin=\u00a0\u00bb||15px|\u00a0\u00bb locked=\u00a0\u00bboff\u00a0\u00bb global_colors_info=\u00a0\u00bb{}\u00a0\u00bb]<\/p>\n<p><strong>L&rsquo;OMT est une institution sp\u00e9cialis\u00e9e des Nations unies destin\u00e9e \u00e0 promouvoir et \u00e0 d\u00e9velopper le tourisme. Elle joue un r\u00f4le dans la promotion du d\u00e9veloppement du tourisme responsable, durable et accessible \u00e0 tous, en veillant sur l&rsquo;int\u00e9r\u00eat des pays en d\u00e9veloppement.<\/strong><\/p>\n<p>Le tourisme a le potentiel de contribuer, directement ou indirectement, \u00e0 la totalit\u00e9 des Objectifs D\u00e9veloppement Durable. Il est cit\u00e9 en particulier dans les cibles des objectifs 8, 12 et 14, lesquels ont trait, respectivement, \u00e0 une croissance \u00e9conomique partag\u00e9e et durable, aux modes de consommation et de production durables et \u00e0 l\u2019exploitation de mani\u00e8re durable des oc\u00e9ans et des ressources marines.<\/p>\n<p>[\/et_pb_text][\/et_pb_column][et_pb_column type=\u00a0\u00bb1_3&Prime; _builder_version=\u00a0\u00bb4.16&Prime; custom_padding=\u00a0\u00bb|||\u00a0\u00bb global_colors_info=\u00a0\u00bb{}\u00a0\u00bb custom_padding__hover=\u00a0\u00bb|||\u00a0\u00bb][et_pb_image src=\u00a0\u00bbhttps:\/\/invictus-corporate.com\/rse\/wp-content\/uploads\/2020\/07\/ima-dtges652.jpg\u00a0\u00bb force_fullwidth=\u00a0\u00bbon\u00a0\u00bb align_tablet=\u00a0\u00bbcenter\u00a0\u00bb align_phone=\u00a0\u00bb\u00a0\u00bb align_last_edited=\u00a0\u00bbon|desktop\u00a0\u00bb _builder_version=\u00a0\u00bb4.16&Prime; animation_style=\u00a0\u00bbslide\u00a0\u00bb animation_direction=\u00a0\u00bbbottom\u00a0\u00bb animation_intensity_slide=\u00a0\u00bb5%\u00a0\u00bb border_radii=\u00a0\u00bboff||15px||15px\u00a0\u00bb global_colors_info=\u00a0\u00bb{}\u00a0\u00bb][\/et_pb_image][\/et_pb_column][\/et_pb_row][et_pb_row column_structure=\u00a0\u00bb1_3,2_3&Prime; _builder_version=\u00a0\u00bb4.16&Prime; global_colors_info=\u00a0\u00bb{}\u00a0\u00bb][et_pb_column type=\u00a0\u00bb1_3&Prime; _builder_version=\u00a0\u00bb4.16&Prime; custom_padding=\u00a0\u00bb|||\u00a0\u00bb global_colors_info=\u00a0\u00bb{}\u00a0\u00bb custom_padding__hover=\u00a0\u00bb|||\u00a0\u00bb][et_pb_image src=\u00a0\u00bbhttps:\/\/invictus-corporate.com\/rse\/wp-content\/uploads\/2020\/07\/ima-dtges752.jpg\u00a0\u00bb force_fullwidth=\u00a0\u00bbon\u00a0\u00bb align_tablet=\u00a0\u00bbcenter\u00a0\u00bb align_phone=\u00a0\u00bb\u00a0\u00bb align_last_edited=\u00a0\u00bbon|desktop\u00a0\u00bb _builder_version=\u00a0\u00bb4.16&Prime; animation_style=\u00a0\u00bbslide\u00a0\u00bb animation_direction=\u00a0\u00bbbottom\u00a0\u00bb animation_intensity_slide=\u00a0\u00bb5%\u00a0\u00bb border_radii=\u00a0\u00bboff||15px||15px\u00a0\u00bb global_colors_info=\u00a0\u00bb{}\u00a0\u00bb][\/et_pb_image][\/et_pb_column][et_pb_column type=\u00a0\u00bb2_3&Prime; _builder_version=\u00a0\u00bb4.16&Prime; custom_padding=\u00a0\u00bb|||\u00a0\u00bb global_colors_info=\u00a0\u00bb{}\u00a0\u00bb custom_padding__hover=\u00a0\u00bb|||\u00a0\u00bb][et_pb_text _builder_version=\u00a0\u00bb4.16&Prime; header_font=\u00a0\u00bb||||||||\u00a0\u00bb header_2_font=\u00a0\u00bbOpen Sans Condensed|700|||||||\u00a0\u00bb header_2_font_size=\u00a0\u00bb40px\u00a0\u00bb header_2_line_height=\u00a0\u00bb1.4em\u00a0\u00bb header_2_font_size_tablet=\u00a0\u00bb\u00a0\u00bb header_2_font_size_phone=\u00a0\u00bb28px\u00a0\u00bb header_2_font_size_last_edited=\u00a0\u00bbon|desktop\u00a0\u00bb global_colors_info=\u00a0\u00bb{}\u00a0\u00bb]<\/p>\n<h2>Les 3 principaux objectifs du tourisme durable&nbsp;:<\/h2>\n<p>[\/et_pb_text][et_pb_divider divider_weight=\u00a0\u00bb2px\u00a0\u00bb _builder_version=\u00a0\u00bb4.16&Prime; max_width=\u00a0\u00bb100px\u00a0\u00bb global_colors_info=\u00a0\u00bb{}\u00a0\u00bb][\/et_pb_divider][et_pb_text _builder_version=\u00a0\u00bb4.16&Prime; header_font=\u00a0\u00bb||||||||\u00a0\u00bb header_4_font=\u00a0\u00bb|700||on|||||\u00a0\u00bb header_4_font_size=\u00a0\u00bb12px\u00a0\u00bb header_4_letter_spacing=\u00a0\u00bb2px\u00a0\u00bb header_4_line_height=\u00a0\u00bb1.8em\u00a0\u00bb custom_margin=\u00a0\u00bb||15px|\u00a0\u00bb locked=\u00a0\u00bboff\u00a0\u00bb global_colors_info=\u00a0\u00bb{}\u00a0\u00bb]<\/p>\n<p><strong>1\/ Utiliser de mani\u00e8re optimale les ressources environnementales<\/strong>, \u00e9l\u00e9ment cl\u00e9 du d\u00e9veloppement touristique, en maintenant les processus \u00e9cologiques essentiels et en aidant \u00e0 conserver le patrimoine naturel et la biodiversit\u00e9.<\/p>\n<p><strong>2\/ Respecter l&rsquo;authenticit\u00e9 socio-culturelle des communaut\u00e9s d&rsquo;accueil<\/strong>, conserver leur patrimoine culturel b\u00e2ti et vivant et leurs valeurs traditionnelles, et contribuer \u00e0 la compr\u00e9hension et \u00e0 la tol\u00e9rance interculturelles.<\/p>\n<p><strong>3\/ Assurer des op\u00e9rations \u00e9conomiques viables \u00e0 long terme<\/strong>, qui offrent \u00e0 toutes les parties prenantes des avantages socio-\u00e9conomiques \u00e9quitablement r\u00e9partis, notamment des emplois stables, des opportunit\u00e9s de revenus et des services sociaux pour les communaut\u00e9s d&rsquo;accueil, et qui contribuent \u00e0 la r\u00e9duction de la pauvret\u00e9.<\/p>\n<p>[\/et_pb_text][et_pb_text _builder_version=\u00a0\u00bb4.16&Prime; header_font=\u00a0\u00bb||||||||\u00a0\u00bb header_4_font=\u00a0\u00bb|700||on|||||\u00a0\u00bb header_4_font_size=\u00a0\u00bb12px\u00a0\u00bb header_4_letter_spacing=\u00a0\u00bb2px\u00a0\u00bb header_4_line_height=\u00a0\u00bb1.8em\u00a0\u00bb custom_margin=\u00a0\u00bb||15px|\u00a0\u00bb locked=\u00a0\u00bboff\u00a0\u00bb global_colors_info=\u00a0\u00bb{}\u00a0\u00bb]<\/p>\n<p><strong>Le d\u00e9veloppement du tourisme durable n\u00e9cessite la participation \u00e9clair\u00e9e de toutes les parties prenantes concern\u00e9es, ainsi qu&rsquo;un leadership politique fort pour assurer une large participation et la recherche d&rsquo;un consensus.<\/strong><\/p>\n<p>La r\u00e9alisation d&rsquo;un tourisme durable est un processus continu et n\u00e9cessite un suivi constant des impacts, en introduisant les mesures pr\u00e9ventives et\/ou correctives n\u00e9cessaires chaque fois que cela est n\u00e9cessaire.<\/p>\n<p>Le tourisme durable a \u00e9galement pour objectif de maintenir un niveau \u00e9lev\u00e9 de satisfaction des touristes et de leur assurer une exp\u00e9rience significative, en les sensibilisant aux questions de durabilit\u00e9 et en promouvant parmi eux des pratiques de tourisme durable.<\/p>\n<p>[\/et_pb_text][\/et_pb_column][\/et_pb_row][\/et_pb_section][et_pb_section fb_built=\u00a0\u00bb1&Prime; admin_label=\u00a0\u00bbLe cadre m\u00e9thodologique\u00a0\u00bb _builder_version=\u00a0\u00bb4.16&Prime; custom_margin=\u00a0\u00bb0px||0px||false|false\u00a0\u00bb custom_padding=\u00a0\u00bb0px||0px||false|false\u00a0\u00bb collapsed=\u00a0\u00bbon\u00a0\u00bb global_colors_info=\u00a0\u00bb{}\u00a0\u00bb][et_pb_row _builder_version=\u00a0\u00bb4.16&Prime; custom_padding=\u00a0\u00bb||0px||false|false\u00a0\u00bb global_colors_info=\u00a0\u00bb{}\u00a0\u00bb][et_pb_column type=\u00a0\u00bb4_4&Prime; _builder_version=\u00a0\u00bb4.16&Prime; global_colors_info=\u00a0\u00bb{}\u00a0\u00bb][et_pb_text _builder_version=\u00a0\u00bb4.16&Prime; header_font=\u00a0\u00bb||||||||\u00a0\u00bb header_2_font=\u00a0\u00bbOpen Sans Condensed|700|||||||\u00a0\u00bb header_2_font_size=\u00a0\u00bb40px\u00a0\u00bb header_2_line_height=\u00a0\u00bb1.4em\u00a0\u00bb header_2_font_size_tablet=\u00a0\u00bb\u00a0\u00bb header_2_font_size_phone=\u00a0\u00bb28px\u00a0\u00bb header_2_font_size_last_edited=\u00a0\u00bbon|desktop\u00a0\u00bb global_colors_info=\u00a0\u00bb{}\u00a0\u00bb]<\/p>\n<h2 style=\"text-align: left;\">Le cadre m\u00e9thodologique<\/h2>\n<p>[\/et_pb_text][et_pb_divider divider_weight=\u00a0\u00bb2px\u00a0\u00bb _builder_version=\u00a0\u00bb4.16&Prime; max_width=\u00a0\u00bb100px\u00a0\u00bb global_colors_info=\u00a0\u00bb{}\u00a0\u00bb][\/et_pb_divider][\/et_pb_column][\/et_pb_row][\/et_pb_section][et_pb_section fb_built=\u00a0\u00bb1&Prime; specialty=\u00a0\u00bbon\u00a0\u00bb _builder_version=\u00a0\u00bb4.16&Prime; background_enable_color=\u00a0\u00bboff\u00a0\u00bb custom_margin=\u00a0\u00bb0px||||false|false\u00a0\u00bb custom_padding=\u00a0\u00bb0px||||false|false\u00a0\u00bb collapsed=\u00a0\u00bbon\u00a0\u00bb global_colors_info=\u00a0\u00bb{}\u00a0\u00bb][et_pb_column type=\u00a0\u00bb1_3&Prime; _builder_version=\u00a0\u00bb4.16&Prime; custom_padding=\u00a0\u00bb|||\u00a0\u00bb global_colors_info=\u00a0\u00bb{}\u00a0\u00bb custom_padding__hover=\u00a0\u00bb|||\u00a0\u00bb][et_pb_text _builder_version=\u00a0\u00bb4.16&Prime; header_font=\u00a0\u00bb||||||||\u00a0\u00bb header_4_font=\u00a0\u00bb|700||on|||||\u00a0\u00bb header_4_font_size=\u00a0\u00bb12px\u00a0\u00bb header_4_letter_spacing=\u00a0\u00bb2px\u00a0\u00bb header_4_line_height=\u00a0\u00bb1.8em\u00a0\u00bb custom_margin=\u00a0\u00bb||15px|\u00a0\u00bb locked=\u00a0\u00bboff\u00a0\u00bb global_colors_info=\u00a0\u00bb{}\u00a0\u00bb]<\/p>\n<p><strong>L\u2019engagement d\u2019Invictus est de vous offrir des \u00e9v\u00e8nements les plus durables et r\u00e9duire l\u2019empreinte environnementale de chaque participant.<\/strong><\/p>\n<p>Porteur d\u2019une vision globale, Invictus vise \u00e0 ma\u00eetriser les enjeux environnementaux et sociaux \u00e0 chaque \u00e9tape de votre \u00e9v\u00e9nement, depuis le transport jusqu\u2019\u00e0 la communication :<\/p>\n<p>\u25aa Transport<br \/>\u25aa Infrastructures, architecture d\u2019int\u00e9rieur<br \/>\u25aa Accueil et \u00e9quipements techniques<br \/>\u25aa Restauration<br \/>\u25aa Ev\u00e9nement<br \/>\u25aa communication<\/p>\n<p>[\/et_pb_text][\/et_pb_column][et_pb_column type=\u00a0\u00bb2_3&Prime; specialty_columns=\u00a0\u00bb2&Prime; _builder_version=\u00a0\u00bb4.16&Prime; custom_padding=\u00a0\u00bb|||\u00a0\u00bb global_colors_info=\u00a0\u00bb{}\u00a0\u00bb custom_padding__hover=\u00a0\u00bb|||\u00a0\u00bb][et_pb_row_inner column_structure=\u00a0\u00bb1_4,1_4,1_4,1_4&Prime; use_custom_gutter=\u00a0\u00bbon\u00a0\u00bb gutter_width=\u00a0\u00bb1&Prime; _builder_version=\u00a0\u00bb4.16&Prime; max_width=\u00a0\u00bb850px\u00a0\u00bb animation_style=\u00a0\u00bbslide\u00a0\u00bb animation_direction=\u00a0\u00bbbottom\u00a0\u00bb animation_intensity_slide=\u00a0\u00bb5%\u00a0\u00bb global_colors_info=\u00a0\u00bb{}\u00a0\u00bb][et_pb_column_inner type=\u00a0\u00bb1_4&Prime; saved_specialty_column_type=\u00a0\u00bb2_3&Prime; _builder_version=\u00a0\u00bb4.16&Prime; global_colors_info=\u00a0\u00bb{}\u00a0\u00bb][et_pb_image src=\u00a0\u00bbhttps:\/\/invictus-corporate.com\/rse\/wp-content\/uploads\/2020\/06\/ico01.png\u00a0\u00bb _builder_version=\u00a0\u00bb4.16&Prime; global_colors_info=\u00a0\u00bb{}\u00a0\u00bb][\/et_pb_image][et_pb_image src=\u00a0\u00bbhttps:\/\/invictus-corporate.com\/rse\/wp-content\/uploads\/2020\/06\/ico05.png\u00a0\u00bb _builder_version=\u00a0\u00bb4.16&Prime; global_colors_info=\u00a0\u00bb{}\u00a0\u00bb][\/et_pb_image][\/et_pb_column_inner][et_pb_column_inner type=\u00a0\u00bb1_4&Prime; saved_specialty_column_type=\u00a0\u00bb2_3&Prime; _builder_version=\u00a0\u00bb4.16&Prime; global_colors_info=\u00a0\u00bb{}\u00a0\u00bb][et_pb_image src=\u00a0\u00bbhttps:\/\/invictus-corporate.com\/rse\/wp-content\/uploads\/2020\/06\/ico02.png\u00a0\u00bb _builder_version=\u00a0\u00bb4.16&Prime; global_colors_info=\u00a0\u00bb{}\u00a0\u00bb][\/et_pb_image][et_pb_image src=\u00a0\u00bbhttps:\/\/invictus-corporate.com\/rse\/wp-content\/uploads\/2020\/06\/ico06.png\u00a0\u00bb _builder_version=\u00a0\u00bb4.16&Prime; global_colors_info=\u00a0\u00bb{}\u00a0\u00bb][\/et_pb_image][\/et_pb_column_inner][et_pb_column_inner type=\u00a0\u00bb1_4&Prime; saved_specialty_column_type=\u00a0\u00bb2_3&Prime; _builder_version=\u00a0\u00bb4.16&Prime; global_colors_info=\u00a0\u00bb{}\u00a0\u00bb][et_pb_image src=\u00a0\u00bbhttps:\/\/invictus-corporate.com\/rse\/wp-content\/uploads\/2020\/06\/ico03.png\u00a0\u00bb _builder_version=\u00a0\u00bb4.16&Prime; global_colors_info=\u00a0\u00bb{}\u00a0\u00bb][\/et_pb_image][et_pb_image src=\u00a0\u00bbhttps:\/\/invictus-corporate.com\/rse\/wp-content\/uploads\/2020\/06\/ico07.png\u00a0\u00bb _builder_version=\u00a0\u00bb4.16&Prime; global_colors_info=\u00a0\u00bb{}\u00a0\u00bb][\/et_pb_image][\/et_pb_column_inner][et_pb_column_inner type=\u00a0\u00bb1_4&Prime; saved_specialty_column_type=\u00a0\u00bb2_3&Prime; _builder_version=\u00a0\u00bb4.16&Prime; global_colors_info=\u00a0\u00bb{}\u00a0\u00bb][et_pb_image src=\u00a0\u00bbhttps:\/\/invictus-corporate.com\/rse\/wp-content\/uploads\/2020\/06\/ico04.png\u00a0\u00bb _builder_version=\u00a0\u00bb4.16&Prime; global_colors_info=\u00a0\u00bb{}\u00a0\u00bb][\/et_pb_image][et_pb_image src=\u00a0\u00bbhttps:\/\/invictus-corporate.com\/rse\/wp-content\/uploads\/2020\/06\/ico08.png\u00a0\u00bb _builder_version=\u00a0\u00bb4.16&Prime; global_colors_info=\u00a0\u00bb{}\u00a0\u00bb][\/et_pb_image][\/et_pb_column_inner][\/et_pb_row_inner][et_pb_row_inner _builder_version=\u00a0\u00bb4.16&Prime; custom_margin=\u00a0\u00bb0px||||false|false\u00a0\u00bb custom_padding=\u00a0\u00bb0px||||false|false\u00a0\u00bb global_colors_info=\u00a0\u00bb{}\u00a0\u00bb][et_pb_column_inner saved_specialty_column_type=\u00a0\u00bb2_3&Prime; _builder_version=\u00a0\u00bb4.16&Prime; global_colors_info=\u00a0\u00bb{}\u00a0\u00bb][et_pb_text _builder_version=\u00a0\u00bb4.16&Prime; global_colors_info=\u00a0\u00bb{}\u00a0\u00bb]<\/p>\n<p><img loading=\"lazy\" decoding=\"async\" class=\"aligncenter wp-image-238\" src=\"https:\/\/invictus-corporate.com\/rse\/wp-content\/uploads\/2020\/06\/t-dev-durable01.png\" alt=\"\" width=\"350\" height=\"36\" \/><\/p>\n<p>[\/et_pb_text][\/et_pb_column_inner][\/et_pb_row_inner][\/et_pb_column][\/et_pb_section]<\/p>\n","protected":false},"excerpt":{"rendered":"<p>L&rsquo;Organisation mondiale du tourismeL&rsquo;OMT est une institution sp\u00e9cialis\u00e9e des Nations unies destin\u00e9e \u00e0 promouvoir et \u00e0 d\u00e9velopper le tourisme. Elle joue un r\u00f4le dans la promotion du d\u00e9veloppement du tourisme responsable, durable et accessible \u00e0 tous, en veillant sur l&rsquo;int\u00e9r\u00eat des pays en d\u00e9veloppement. Le tourisme a le potentiel de contribuer, directement ou indirectement, \u00e0 [&hellip;]<\/p>\n","protected":false},"author":1,"featured_media":0,"parent":0,"menu_order":0,"comment_status":"closed","ping_status":"closed","template":"","meta":{"_et_pb_use_builder":"on","_et_pb_old_content":"","_et_gb_content_width":"","footnotes":""},"class_list":["post-1080","page","type-page","status-publish","hentry"],"yoast_head":"<!-- This site is optimized with the Yoast SEO plugin v27.3 - https:\/\/yoast.com\/product\/yoast-seo-wordpress\/ -->\n<title>Le tourisme durable - Invictus Corporate<\/title>\n<meta name=\"robots\" content=\"index, follow, max-snippet:-1, max-image-preview:large, max-video-preview:-1\" \/>\n<link rel=\"canonical\" href=\"https:\/\/invictus-corporate.com\/rse\/le-tourisme-durable\/\" \/>\n<meta property=\"og:locale\" content=\"fr_FR\" \/>\n<meta property=\"og:type\" content=\"article\" \/>\n<meta property=\"og:title\" content=\"Le tourisme durable - Invictus Corporate\" \/>\n<meta property=\"og:description\" content=\"L&#039;Organisation mondiale du tourismeL&#039;OMT est une institution sp\u00e9cialis\u00e9e des Nations unies destin\u00e9e \u00e0 promouvoir et \u00e0 d\u00e9velopper le tourisme. Elle joue un r\u00f4le dans la promotion du d\u00e9veloppement du tourisme responsable, durable et accessible \u00e0 tous, en veillant sur l&#039;int\u00e9r\u00eat des pays en d\u00e9veloppement. Le tourisme a le potentiel de contribuer, directement ou indirectement, \u00e0 [&hellip;]\" \/>\n<meta property=\"og:url\" content=\"https:\/\/invictus-corporate.com\/rse\/le-tourisme-durable\/\" \/>\n<meta property=\"og:site_name\" content=\"Invictus Corporate\" \/>\n<meta property=\"article:modified_time\" content=\"2024-02-15T09:45:34+00:00\" \/>\n<meta property=\"og:image\" content=\"https:\/\/invictus-corporate.com\/rse\/wp-content\/uploads\/2020\/06\/t-dev-durable01.png\" \/>\n<meta name=\"twitter:card\" content=\"summary_large_image\" \/>\n<meta name=\"twitter:label1\" content=\"Dur\u00e9e de lecture estim\u00e9e\" \/>\n\t<meta name=\"twitter:data1\" content=\"6 minutes\" \/>\n<script type=\"application\/ld+json\" class=\"yoast-schema-graph\">{\"@context\":\"https:\\\/\\\/schema.org\",\"@graph\":[{\"@type\":\"WebPage\",\"@id\":\"https:\\\/\\\/invictus-corporate.com\\\/rse\\\/le-tourisme-durable\\\/\",\"url\":\"https:\\\/\\\/invictus-corporate.com\\\/rse\\\/le-tourisme-durable\\\/\",\"name\":\"Le tourisme durable - Invictus Corporate\",\"isPartOf\":{\"@id\":\"https:\\\/\\\/invictus-corporate.com\\\/rse\\\/#website\"},\"primaryImageOfPage\":{\"@id\":\"https:\\\/\\\/invictus-corporate.com\\\/rse\\\/le-tourisme-durable\\\/#primaryimage\"},\"image\":{\"@id\":\"https:\\\/\\\/invictus-corporate.com\\\/rse\\\/le-tourisme-durable\\\/#primaryimage\"},\"thumbnailUrl\":\"https:\\\/\\\/invictus-corporate.com\\\/rse\\\/wp-content\\\/uploads\\\/2020\\\/06\\\/t-dev-durable01.png\",\"datePublished\":\"2021-03-08T15:07:19+00:00\",\"dateModified\":\"2024-02-15T09:45:34+00:00\",\"breadcrumb\":{\"@id\":\"https:\\\/\\\/invictus-corporate.com\\\/rse\\\/le-tourisme-durable\\\/#breadcrumb\"},\"inLanguage\":\"fr-FR\",\"potentialAction\":[{\"@type\":\"ReadAction\",\"target\":[\"https:\\\/\\\/invictus-corporate.com\\\/rse\\\/le-tourisme-durable\\\/\"]}]},{\"@type\":\"ImageObject\",\"inLanguage\":\"fr-FR\",\"@id\":\"https:\\\/\\\/invictus-corporate.com\\\/rse\\\/le-tourisme-durable\\\/#primaryimage\",\"url\":\"https:\\\/\\\/invictus-corporate.com\\\/rse\\\/wp-content\\\/uploads\\\/2020\\\/06\\\/t-dev-durable01.png\",\"contentUrl\":\"https:\\\/\\\/invictus-corporate.com\\\/rse\\\/wp-content\\\/uploads\\\/2020\\\/06\\\/t-dev-durable01.png\",\"width\":783,\"height\":80},{\"@type\":\"BreadcrumbList\",\"@id\":\"https:\\\/\\\/invictus-corporate.com\\\/rse\\\/le-tourisme-durable\\\/#breadcrumb\",\"itemListElement\":[{\"@type\":\"ListItem\",\"position\":1,\"name\":\"Accueil\",\"item\":\"https:\\\/\\\/invictus-corporate.com\\\/rse\\\/\"},{\"@type\":\"ListItem\",\"position\":2,\"name\":\"Le tourisme durable\"}]},{\"@type\":\"WebSite\",\"@id\":\"https:\\\/\\\/invictus-corporate.com\\\/rse\\\/#website\",\"url\":\"https:\\\/\\\/invictus-corporate.com\\\/rse\\\/\",\"name\":\"Invictus Corporate\",\"description\":\"Responsabilit\u00e9 Soci\u00e9tale des Entreprises\",\"potentialAction\":[{\"@type\":\"SearchAction\",\"target\":{\"@type\":\"EntryPoint\",\"urlTemplate\":\"https:\\\/\\\/invictus-corporate.com\\\/rse\\\/?s={search_term_string}\"},\"query-input\":{\"@type\":\"PropertyValueSpecification\",\"valueRequired\":true,\"valueName\":\"search_term_string\"}}],\"inLanguage\":\"fr-FR\"}]}<\/script>\n<!-- \/ Yoast SEO plugin. -->","yoast_head_json":{"title":"Le tourisme durable - Invictus Corporate","robots":{"index":"index","follow":"follow","max-snippet":"max-snippet:-1","max-image-preview":"max-image-preview:large","max-video-preview":"max-video-preview:-1"},"canonical":"https:\/\/invictus-corporate.com\/rse\/le-tourisme-durable\/","og_locale":"fr_FR","og_type":"article","og_title":"Le tourisme durable - Invictus Corporate","og_description":"L'Organisation mondiale du tourismeL'OMT est une institution sp\u00e9cialis\u00e9e des Nations unies destin\u00e9e \u00e0 promouvoir et \u00e0 d\u00e9velopper le tourisme. Elle joue un r\u00f4le dans la promotion du d\u00e9veloppement du tourisme responsable, durable et accessible \u00e0 tous, en veillant sur l'int\u00e9r\u00eat des pays en d\u00e9veloppement. Le tourisme a le potentiel de contribuer, directement ou indirectement, \u00e0 [&hellip;]","og_url":"https:\/\/invictus-corporate.com\/rse\/le-tourisme-durable\/","og_site_name":"Invictus Corporate","article_modified_time":"2024-02-15T09:45:34+00:00","og_image":[{"url":"https:\/\/invictus-corporate.com\/rse\/wp-content\/uploads\/2020\/06\/t-dev-durable01.png","type":"","width":"","height":""}],"twitter_card":"summary_large_image","twitter_misc":{"Dur\u00e9e de lecture estim\u00e9e":"6 minutes"},"schema":{"@context":"https:\/\/schema.org","@graph":[{"@type":"WebPage","@id":"https:\/\/invictus-corporate.com\/rse\/le-tourisme-durable\/","url":"https:\/\/invictus-corporate.com\/rse\/le-tourisme-durable\/","name":"Le tourisme durable - Invictus Corporate","isPartOf":{"@id":"https:\/\/invictus-corporate.com\/rse\/#website"},"primaryImageOfPage":{"@id":"https:\/\/invictus-corporate.com\/rse\/le-tourisme-durable\/#primaryimage"},"image":{"@id":"https:\/\/invictus-corporate.com\/rse\/le-tourisme-durable\/#primaryimage"},"thumbnailUrl":"https:\/\/invictus-corporate.com\/rse\/wp-content\/uploads\/2020\/06\/t-dev-durable01.png","datePublished":"2021-03-08T15:07:19+00:00","dateModified":"2024-02-15T09:45:34+00:00","breadcrumb":{"@id":"https:\/\/invictus-corporate.com\/rse\/le-tourisme-durable\/#breadcrumb"},"inLanguage":"fr-FR","potentialAction":[{"@type":"ReadAction","target":["https:\/\/invictus-corporate.com\/rse\/le-tourisme-durable\/"]}]},{"@type":"ImageObject","inLanguage":"fr-FR","@id":"https:\/\/invictus-corporate.com\/rse\/le-tourisme-durable\/#primaryimage","url":"https:\/\/invictus-corporate.com\/rse\/wp-content\/uploads\/2020\/06\/t-dev-durable01.png","contentUrl":"https:\/\/invictus-corporate.com\/rse\/wp-content\/uploads\/2020\/06\/t-dev-durable01.png","width":783,"height":80},{"@type":"BreadcrumbList","@id":"https:\/\/invictus-corporate.com\/rse\/le-tourisme-durable\/#breadcrumb","itemListElement":[{"@type":"ListItem","position":1,"name":"Accueil","item":"https:\/\/invictus-corporate.com\/rse\/"},{"@type":"ListItem","position":2,"name":"Le tourisme durable"}]},{"@type":"WebSite","@id":"https:\/\/invictus-corporate.com\/rse\/#website","url":"https:\/\/invictus-corporate.com\/rse\/","name":"Invictus Corporate","description":"Responsabilit\u00e9 Soci\u00e9tale des Entreprises","potentialAction":[{"@type":"SearchAction","target":{"@type":"EntryPoint","urlTemplate":"https:\/\/invictus-corporate.com\/rse\/?s={search_term_string}"},"query-input":{"@type":"PropertyValueSpecification","valueRequired":true,"valueName":"search_term_string"}}],"inLanguage":"fr-FR"}]}},"_links":{"self":[{"href":"https:\/\/invictus-corporate.com\/rse\/wp-json\/wp\/v2\/pages\/1080","targetHints":{"allow":["GET"]}}],"collection":[{"href":"https:\/\/invictus-corporate.com\/rse\/wp-json\/wp\/v2\/pages"}],"about":[{"href":"https:\/\/invictus-corporate.com\/rse\/wp-json\/wp\/v2\/types\/page"}],"author":[{"embeddable":true,"href":"https:\/\/invictus-corporate.com\/rse\/wp-json\/wp\/v2\/users\/1"}],"replies":[{"embeddable":true,"href":"https:\/\/invictus-corporate.com\/rse\/wp-json\/wp\/v2\/comments?post=1080"}],"version-history":[{"count":10,"href":"https:\/\/invictus-corporate.com\/rse\/wp-json\/wp\/v2\/pages\/1080\/revisions"}],"predecessor-version":[{"id":2022,"href":"https:\/\/invictus-corporate.com\/rse\/wp-json\/wp\/v2\/pages\/1080\/revisions\/2022"}],"wp:attachment":[{"href":"https:\/\/invictus-corporate.com\/rse\/wp-json\/wp\/v2\/media?parent=1080"}],"curies":[{"name":"wp","href":"https:\/\/api.w.org\/{rel}","templated":true}]}}