{"id":1097,"date":"2021-03-08T16:07:19","date_gmt":"2021-03-08T15:07:19","guid":{"rendered":"https:\/\/invictus-corporate.com\/rse\/?page_id=1097"},"modified":"2024-02-15T10:46:54","modified_gmt":"2024-02-15T09:46:54","slug":"les-restaurants-traiteurs","status":"publish","type":"page","link":"https:\/\/invictus-corporate.com\/rse\/les-restaurants-traiteurs\/","title":{"rendered":"Restaurants-traiteurs partenaires"},"content":{"rendered":"<p>[et_pb_section fb_built=\u00a0\u00bb1&Prime; admin_label=\u00a0\u00bbRESTAURATION\u00a0\u00bb _builder_version=\u00a0\u00bb4.16&Prime; use_background_color_gradient=\u00a0\u00bbon\u00a0\u00bb background_color_gradient_type=\u00a0\u00bbcircular\u00a0\u00bb background_color_gradient_direction_radial=\u00a0\u00bbtop left\u00a0\u00bb background_color_gradient_stops=\u00a0\u00bb#f8f8f8 40%|rgba(255,255,255,0.38) 100%\u00a0\u00bb background_color_gradient_overlays_image=\u00a0\u00bbon\u00a0\u00bb background_color_gradient_start=\u00a0\u00bb#f8f8f8&Prime; background_color_gradient_start_position=\u00a0\u00bb40%\u00a0\u00bb background_color_gradient_end=\u00a0\u00bbrgba(255,255,255,0.38)\u00a0\u00bb background_image=\u00a0\u00bbhttps:\/\/invictus-corporate.com\/rse\/wp-content\/uploads\/2020\/06\/ima-fond13.jpg\u00a0\u00bb max_width_last_edited=\u00a0\u00bboff|desktop\u00a0\u00bb module_alignment=\u00a0\u00bbcenter\u00a0\u00bb custom_margin=\u00a0\u00bb0px||||false|true\u00a0\u00bb custom_margin_tablet=\u00a0\u00bb0%|0%||0%||true\u00a0\u00bb custom_margin_phone=\u00a0\u00bb\u00a0\u00bb custom_margin_last_edited=\u00a0\u00bbon|desktop\u00a0\u00bb custom_padding=\u00a0\u00bb0px||0px||false|false\u00a0\u00bb animation_style=\u00a0\u00bbfade\u00a0\u00bb collapsed=\u00a0\u00bbon\u00a0\u00bb global_colors_info=\u00a0\u00bb{}\u00a0\u00bb][et_pb_row _builder_version=\u00a0\u00bb4.16&Prime; global_colors_info=\u00a0\u00bb{}\u00a0\u00bb][et_pb_column type=\u00a0\u00bb4_4&Prime; _builder_version=\u00a0\u00bb4.16&Prime; global_colors_info=\u00a0\u00bb{}\u00a0\u00bb][et_pb_divider show_divider=\u00a0\u00bboff\u00a0\u00bb _builder_version=\u00a0\u00bb4.16&Prime; global_colors_info=\u00a0\u00bb{}\u00a0\u00bb][\/et_pb_divider][\/et_pb_column][\/et_pb_row][et_pb_row _builder_version=\u00a0\u00bb4.16&Prime; custom_margin=\u00a0\u00bb||||false|false\u00a0\u00bb global_colors_info=\u00a0\u00bb{}\u00a0\u00bb][et_pb_column type=\u00a0\u00bb4_4&Prime; _builder_version=\u00a0\u00bb4.16&Prime; custom_padding=\u00a0\u00bb|||\u00a0\u00bb global_colors_info=\u00a0\u00bb{}\u00a0\u00bb custom_padding__hover=\u00a0\u00bb|||\u00a0\u00bb][et_pb_text _builder_version=\u00a0\u00bb4.16&Prime; text_font=\u00a0\u00bb||||||||\u00a0\u00bb header_font=\u00a0\u00bbOpen Sans Condensed|700|||||||\u00a0\u00bb header_font_size=\u00a0\u00bb55px\u00a0\u00bb header_line_height=\u00a0\u00bb1.2em\u00a0\u00bb custom_margin=\u00a0\u00bb||||false|false\u00a0\u00bb header_font_size_tablet=\u00a0\u00bb50px\u00a0\u00bb header_font_size_phone=\u00a0\u00bb32px\u00a0\u00bb header_font_size_last_edited=\u00a0\u00bbon|desktop\u00a0\u00bb border_color_left=\u00a0\u00bbrgba(0,0,0,0)\u00a0\u00bb global_colors_info=\u00a0\u00bb{}\u00a0\u00bb]<\/p>\n<h1>67% de r\u00e9duction de d\u00e9chets alimentaires r\u00e9alis\u00e9s par les restaurants-traiteurs partenaires<\/h1>\n<p>[\/et_pb_text][et_pb_text _builder_version=\u00a0\u00bb4.16&Prime; text_font=\u00a0\u00bb|700|||||||\u00a0\u00bb max_width=\u00a0\u00bb800px\u00a0\u00bb global_colors_info=\u00a0\u00bb{}\u00a0\u00bb]<\/p>\n<p>Nos fournisseurs ont mis en place des actions de r\u00e9duction des d\u00e9chets alimentaires via des partenariats (ToGoodToGo, Le chainon manquant), ainsi que des actions caritatives en collaboration avec des associations et ONG (POIC, Sidaction, fondation AVEC, Solidarit\u00e9s Internationales, Autistes sans Fronti\u00e8res).<\/p>\n<p>[\/et_pb_text][\/et_pb_column][\/et_pb_row][et_pb_row _builder_version=\u00a0\u00bb4.16&Prime; global_colors_info=\u00a0\u00bb{}\u00a0\u00bb][et_pb_column type=\u00a0\u00bb4_4&Prime; _builder_version=\u00a0\u00bb4.16&Prime; global_colors_info=\u00a0\u00bb{}\u00a0\u00bb][et_pb_divider show_divider=\u00a0\u00bboff\u00a0\u00bb _builder_version=\u00a0\u00bb4.16&Prime; global_colors_info=\u00a0\u00bb{}\u00a0\u00bb][\/et_pb_divider][\/et_pb_column][\/et_pb_row][\/et_pb_section][et_pb_section fb_built=\u00a0\u00bb1&Prime; admin_label=\u00a0\u00bbR\u00e9sultats d&rsquo;enquete\u00a0\u00bb _builder_version=\u00a0\u00bb4.16&Prime; collapsed=\u00a0\u00bbon\u00a0\u00bb global_colors_info=\u00a0\u00bb{}\u00a0\u00bb][et_pb_row column_structure=\u00a0\u00bb1_3,2_3&Prime; _builder_version=\u00a0\u00bb4.16&Prime; global_colors_info=\u00a0\u00bb{}\u00a0\u00bb][et_pb_column type=\u00a0\u00bb1_3&Prime; _builder_version=\u00a0\u00bb4.16&Prime; custom_padding=\u00a0\u00bb|||\u00a0\u00bb global_colors_info=\u00a0\u00bb{}\u00a0\u00bb custom_padding__hover=\u00a0\u00bb|||\u00a0\u00bb][et_pb_image src=\u00a0\u00bbhttps:\/\/invictus-corporate.com\/rse\/wp-content\/uploads\/2020\/06\/ima-plat01.jpg\u00a0\u00bb _builder_version=\u00a0\u00bb4.16&Prime; border_radii=\u00a0\u00bboff||15px||15px\u00a0\u00bb global_colors_info=\u00a0\u00bb{}\u00a0\u00bb][\/et_pb_image][\/et_pb_column][et_pb_column type=\u00a0\u00bb2_3&Prime; _builder_version=\u00a0\u00bb4.16&Prime; custom_padding=\u00a0\u00bb|||\u00a0\u00bb global_colors_info=\u00a0\u00bb{}\u00a0\u00bb custom_padding__hover=\u00a0\u00bb|||\u00a0\u00bb][et_pb_text _builder_version=\u00a0\u00bb4.16&Prime; header_font=\u00a0\u00bb||||||||\u00a0\u00bb header_2_font=\u00a0\u00bbOpen Sans Condensed|700|||||||\u00a0\u00bb header_2_font_size=\u00a0\u00bb40px\u00a0\u00bb header_2_line_height=\u00a0\u00bb1.4em\u00a0\u00bb header_2_font_size_tablet=\u00a0\u00bb\u00a0\u00bb header_2_font_size_phone=\u00a0\u00bb28px\u00a0\u00bb header_2_font_size_last_edited=\u00a0\u00bbon|desktop\u00a0\u00bb global_colors_info=\u00a0\u00bb{}\u00a0\u00bb]<\/p>\n<h2>R\u00e9sultats d&rsquo;enqu\u00eate<\/h2>\n<p>[\/et_pb_text][et_pb_divider divider_weight=\u00a0\u00bb2px\u00a0\u00bb _builder_version=\u00a0\u00bb4.16&Prime; max_width=\u00a0\u00bb100px\u00a0\u00bb global_colors_info=\u00a0\u00bb{}\u00a0\u00bb][\/et_pb_divider][et_pb_counters bar_bg_color=\u00a0\u00bb#fc8e6a\u00a0\u00bb _builder_version=\u00a0\u00bb4.16&Prime; title_font=\u00a0\u00bb|600|||||||\u00a0\u00bb title_font_size=\u00a0\u00bb14px\u00a0\u00bb percent_text_color=\u00a0\u00bb#000000&Prime; percent_font_size=\u00a0\u00bb16px\u00a0\u00bb global_colors_info=\u00a0\u00bb{}\u00a0\u00bb][et_pb_counter percent=\u00a0\u00bb67&Prime; _builder_version=\u00a0\u00bb4.16&Prime; title_font=\u00a0\u00bb|||on|||||\u00a0\u00bb global_colors_info=\u00a0\u00bb{}\u00a0\u00bb]r\u00e9duction des d\u00e9chets alimentaires[\/et_pb_counter][et_pb_counter percent=\u00a0\u00bb50&Prime; _builder_version=\u00a0\u00bb4.16&Prime; title_font=\u00a0\u00bb|||on|||||\u00a0\u00bb global_colors_info=\u00a0\u00bb{}\u00a0\u00bb]nourriture biologique et approvisionnement local[\/et_pb_counter][et_pb_counter percent=\u00a0\u00bb33&Prime; _builder_version=\u00a0\u00bb4.16&Prime; title_font=\u00a0\u00bb|||on|||||\u00a0\u00bb global_colors_info=\u00a0\u00bb{}\u00a0\u00bb]offre v\u00e9g\u00e9tarienne et saisonnalit\u00e9 des produits[\/et_pb_counter][\/et_pb_counters][et_pb_divider show_divider=\u00a0\u00bboff\u00a0\u00bb _builder_version=\u00a0\u00bb4.16&Prime; max_width=\u00a0\u00bb100px\u00a0\u00bb global_colors_info=\u00a0\u00bb{}\u00a0\u00bb][\/et_pb_divider][et_pb_text _builder_version=\u00a0\u00bb4.16&Prime; global_colors_info=\u00a0\u00bb{}\u00a0\u00bb]<\/p>\n<p><strong>67% des r\u00e9pondants ont des objectifs de r\u00e9duction des d\u00e9chets, ont mis en place des partenariats pour valoriser les restes alimentaires<\/strong> et ont r\u00e9duit de mani\u00e8re effective la quantit\u00e9 de d\u00e9chets alimentaires par rapport aux ann\u00e9es pr\u00e9c\u00e9dentes.<\/p>\n<p>50% des r\u00e9pondants s\u2019approvisionnent en nourriture biologique et par des r\u00e9seaux locaux.<\/p>\n<p>33% ont une offre v\u00e9g\u00e9tarienne et suivent la saisonnalit\u00e9 des produits.<\/p>\n<p>[\/et_pb_text][\/et_pb_column][\/et_pb_row][\/et_pb_section][et_pb_section fb_built=\u00a0\u00bb1&Prime; admin_label=\u00a0\u00bbt\u00e9moignages\u00a0\u00bb _builder_version=\u00a0\u00bb4.16&Prime; background_enable_color=\u00a0\u00bboff\u00a0\u00bb use_background_color_gradient=\u00a0\u00bbon\u00a0\u00bb background_color_gradient_type=\u00a0\u00bbcircular\u00a0\u00bb background_color_gradient_direction_radial=\u00a0\u00bbtop\u00a0\u00bb background_color_gradient_stops=\u00a0\u00bbrgba(255,255,255,0.75) 30%|rgba(255,255,255,0.13) 100%\u00a0\u00bb background_color_gradient_overlays_image=\u00a0\u00bbon\u00a0\u00bb background_color_gradient_start=\u00a0\u00bbrgba(255,255,255,0.75)\u00a0\u00bb background_color_gradient_start_position=\u00a0\u00bb30%\u00a0\u00bb background_color_gradient_end=\u00a0\u00bbrgba(255,255,255,0.13)\u00a0\u00bb background_image=\u00a0\u00bbhttps:\/\/invictus-corporate.com\/rse\/wp-content\/uploads\/2020\/06\/ima-fond08.jpg\u00a0\u00bb custom_margin=\u00a0\u00bb||||false|false\u00a0\u00bb custom_padding=\u00a0\u00bb100px||100px||false|false\u00a0\u00bb top_divider_style=\u00a0\u00bbwave\u00a0\u00bb top_divider_color=\u00a0\u00bb#ffffff\u00a0\u00bb bottom_divider_color=\u00a0\u00bb#eaeaea\u00a0\u00bb collapsed=\u00a0\u00bbon\u00a0\u00bb global_colors_info=\u00a0\u00bb{}\u00a0\u00bb][et_pb_row _builder_version=\u00a0\u00bb4.16&Prime; global_colors_info=\u00a0\u00bb{}\u00a0\u00bb][et_pb_column type=\u00a0\u00bb4_4&Prime; _builder_version=\u00a0\u00bb4.16&Prime; custom_padding=\u00a0\u00bb|||\u00a0\u00bb global_colors_info=\u00a0\u00bb{}\u00a0\u00bb custom_padding__hover=\u00a0\u00bb|||\u00a0\u00bb][et_pb_text _builder_version=\u00a0\u00bb4.16&Prime; header_font=\u00a0\u00bb||||||||\u00a0\u00bb header_2_font=\u00a0\u00bbOpen Sans Condensed|700|||||||\u00a0\u00bb header_2_font_size=\u00a0\u00bb40px\u00a0\u00bb header_2_line_height=\u00a0\u00bb1.4em\u00a0\u00bb header_2_font_size_tablet=\u00a0\u00bb\u00a0\u00bb header_2_font_size_phone=\u00a0\u00bb28px\u00a0\u00bb header_2_font_size_last_edited=\u00a0\u00bbon|desktop\u00a0\u00bb global_colors_info=\u00a0\u00bb{}\u00a0\u00bb]<\/p>\n<h2>T\u00e9moignages : Les fiert\u00e9s de nos partenaires<\/h2>\n<p>[\/et_pb_text][et_pb_divider divider_weight=\u00a0\u00bb2px\u00a0\u00bb _builder_version=\u00a0\u00bb4.16&Prime; max_width=\u00a0\u00bb100px\u00a0\u00bb global_colors_info=\u00a0\u00bb{}\u00a0\u00bb][\/et_pb_divider][\/et_pb_column][\/et_pb_row][et_pb_row column_structure=\u00a0\u00bb1_2,1_2&Prime; _builder_version=\u00a0\u00bb4.16&Prime; global_colors_info=\u00a0\u00bb{}\u00a0\u00bb][et_pb_column type=\u00a0\u00bb1_2&Prime; _builder_version=\u00a0\u00bb4.16&Prime; custom_padding=\u00a0\u00bb|||\u00a0\u00bb global_colors_info=\u00a0\u00bb{}\u00a0\u00bb custom_padding__hover=\u00a0\u00bb|||\u00a0\u00bb][et_pb_testimonial company_name=\u00a0\u00bbKaspia R\u00e9ception\u00a0\u00bb use_icon_font_size=\u00a0\u00bbon\u00a0\u00bb icon_font_size=\u00a0\u00bb40px\u00a0\u00bb _builder_version=\u00a0\u00bb4.16&Prime; body_font=\u00a0\u00bb|600|on||||||\u00a0\u00bb company_font=\u00a0\u00bbRoboto Condensed|600||on|||||\u00a0\u00bb company_text_color=\u00a0\u00bb#333333&Prime; background_color=\u00a0\u00bb#ffffff\u00a0\u00bb border_color_all=\u00a0\u00bbrgba(0,0,0,0)\u00a0\u00bb box_shadow_style=\u00a0\u00bbpreset1&Prime; global_colors_info=\u00a0\u00bb{}\u00a0\u00bb]Kaspia R\u00e9ception a mis en place des formations \u00e0 l\u2019\u00e9co-conduite.[\/et_pb_testimonial][et_pb_testimonial company_name=\u00a0\u00bbMaison blanche\u00a0\u00bb use_icon_font_size=\u00a0\u00bbon\u00a0\u00bb icon_font_size=\u00a0\u00bb40px\u00a0\u00bb _builder_version=\u00a0\u00bb4.16&Prime; body_font=\u00a0\u00bb|600|on||||||\u00a0\u00bb company_font=\u00a0\u00bbRoboto Condensed|600||on|||||\u00a0\u00bb company_text_color=\u00a0\u00bb#333333&Prime; background_color=\u00a0\u00bb#ffffff\u00a0\u00bb border_color_all=\u00a0\u00bbrgba(0,0,0,0)\u00a0\u00bb box_shadow_style=\u00a0\u00bbpreset1&Prime; global_colors_info=\u00a0\u00bb{}\u00a0\u00bb]Maison blanche s\u2019approvisionne en circuits courts, avec des producteurs locaux. La majorit\u00e9 des produits provient d\u2019une agriculture biologique et raisonn\u00e9e.[\/et_pb_testimonial][et_pb_testimonial company_name=\u00a0\u00bbPotel et Chabot\u00a0\u00bb use_icon_font_size=\u00a0\u00bbon\u00a0\u00bb icon_font_size=\u00a0\u00bb40px\u00a0\u00bb _builder_version=\u00a0\u00bb4.16&Prime; body_font=\u00a0\u00bb|600|on||||||\u00a0\u00bb company_font=\u00a0\u00bbRoboto Condensed|600||on|||||\u00a0\u00bb company_text_color=\u00a0\u00bb#333333&Prime; background_color=\u00a0\u00bb#ffffff\u00a0\u00bb box_shadow_style=\u00a0\u00bbpreset1&Prime; global_colors_info=\u00a0\u00bb{}\u00a0\u00bb]Potel et Chabot Premier signataire du Pacte national contre le gaspillage alimentaire, s\u2019engage pour la revalorisation des produits alimentaires non consomm\u00e9s qu\u2019il redistribue \u00e0 des associations partenaires.[\/et_pb_testimonial][et_pb_testimonial company_name=\u00a0\u00bbKaspia R\u00e9ception\u00a0\u00bb use_icon_font_size=\u00a0\u00bbon\u00a0\u00bb icon_font_size=\u00a0\u00bb40px\u00a0\u00bb _builder_version=\u00a0\u00bb4.16&Prime; body_font=\u00a0\u00bb|600|on||||||\u00a0\u00bb company_font=\u00a0\u00bbRoboto Condensed|600||on|||||\u00a0\u00bb company_text_color=\u00a0\u00bb#333333&Prime; background_color=\u00a0\u00bb#ffffff\u00a0\u00bb border_color_all=\u00a0\u00bbrgba(0,0,0,0)\u00a0\u00bb box_shadow_style=\u00a0\u00bbpreset1&Prime; global_colors_info=\u00a0\u00bb{}\u00a0\u00bb]Kaspia R\u00e9ception a cr\u00e9\u00e9 une collection de plateaux repas \u00e9co-responsables recyclable et\/ou biod\u00e9gradables, et utilise dans ses activit\u00e9s des contenants lavables r\u00e9utilisables et veille au tri.[\/et_pb_testimonial][et_pb_testimonial company_name=\u00a0\u00bbLeNotre\u00a0\u00bb use_icon_font_size=\u00a0\u00bbon\u00a0\u00bb icon_font_size=\u00a0\u00bb40px\u00a0\u00bb _builder_version=\u00a0\u00bb4.16&Prime; body_font=\u00a0\u00bb|600|on||||||\u00a0\u00bb company_font=\u00a0\u00bbRoboto Condensed|600||on|||||\u00a0\u00bb company_text_color=\u00a0\u00bb#333333&Prime; background_color=\u00a0\u00bb#ffffff\u00a0\u00bb box_shadow_style=\u00a0\u00bbpreset1&Prime; global_colors_info=\u00a0\u00bb{}\u00a0\u00bb]LeNotre s\u2019est engag\u00e9 en 2010 en tant que signataire de la Charte RSE et a cr\u00e9\u00e9 une direction D\u00e9veloppement durable.[\/et_pb_testimonial][\/et_pb_column][et_pb_column type=\u00a0\u00bb1_2&Prime; _builder_version=\u00a0\u00bb4.16&Prime; custom_padding=\u00a0\u00bb|||\u00a0\u00bb global_colors_info=\u00a0\u00bb{}\u00a0\u00bb custom_padding__hover=\u00a0\u00bb|||\u00a0\u00bb][et_pb_testimonial company_name=\u00a0\u00bbBertrand Restauration\u00a0\u00bb use_icon_font_size=\u00a0\u00bbon\u00a0\u00bb icon_font_size=\u00a0\u00bb40px\u00a0\u00bb _builder_version=\u00a0\u00bb4.16&Prime; body_font=\u00a0\u00bb|600|on||||||\u00a0\u00bb company_font=\u00a0\u00bbRoboto Condensed|600||on|||||\u00a0\u00bb company_text_color=\u00a0\u00bb#333333&Prime; background_color=\u00a0\u00bb#ffffff\u00a0\u00bb box_shadow_style=\u00a0\u00bbpreset1&Prime; global_colors_info=\u00a0\u00bb{}\u00a0\u00bb]Bertrand Restauration veille \u00e0 agir de fa\u00e7on responsable et durable, conscient de l\u2019impact des activit\u00e9s humaines sur les \u00e9cosyst\u00e8mes naturels. La responsabilit\u00e9 soci\u00e9tale se d\u00e9ploie autour de trois engagements cl\u00e9s : \u00eatre un employeur responsable, garantir la qualit\u00e9 et la s\u00e9curit\u00e9 alimentaire et s\u2019engager en tant qu\u2019entreprise durable.[\/et_pb_testimonial][et_pb_testimonial company_name=\u00a0\u00bbSaint Clair\u00a0\u00bb use_icon_font_size=\u00a0\u00bbon\u00a0\u00bb icon_font_size=\u00a0\u00bb40px\u00a0\u00bb _builder_version=\u00a0\u00bb4.16&Prime; body_font=\u00a0\u00bb|600|on||||||\u00a0\u00bb company_font=\u00a0\u00bbRoboto Condensed|600||on|||||\u00a0\u00bb company_text_color=\u00a0\u00bb#333333&Prime; background_color=\u00a0\u00bb#ffffff\u00a0\u00bb box_shadow_style=\u00a0\u00bbpreset1&Prime; global_colors_info=\u00a0\u00bb{}\u00a0\u00bb]Saint Clair est adh\u00e9rant au Global Compact et est certifi\u00e9 ISO 14001.[\/et_pb_testimonial][et_pb_testimonial company_name=\u00a0\u00bbBertrand Restauration\u00a0\u00bb use_icon_font_size=\u00a0\u00bbon\u00a0\u00bb icon_font_size=\u00a0\u00bb40px\u00a0\u00bb _builder_version=\u00a0\u00bb4.16&Prime; body_font=\u00a0\u00bb|600|on||||||\u00a0\u00bb company_font=\u00a0\u00bbRoboto Condensed|600||on|||||\u00a0\u00bb company_text_color=\u00a0\u00bb#333333&Prime; background_color=\u00a0\u00bb#ffffff\u00a0\u00bb box_shadow_style=\u00a0\u00bbpreset1&Prime; global_colors_info=\u00a0\u00bb{}\u00a0\u00bb]Bertrand Restauration garantit la qualit\u00e9 et la s\u00e9curit\u00e9 alimentaire en s\u2019engageant notamment \u00e0 utiliser exclusivement des \u0153ufs provenant d\u2019\u00e9levages alternatifs aux cages d\u2019ici 2025, le temps n\u00e9cessaire \u00e0 la transition de la fili\u00e8re en France.[\/et_pb_testimonial][et_pb_testimonial company_name=\u00a0\u00bbKaspia R\u00e9ception\u00a0\u00bb use_icon_font_size=\u00a0\u00bbon\u00a0\u00bb icon_font_size=\u00a0\u00bb40px\u00a0\u00bb _builder_version=\u00a0\u00bb4.16&Prime; body_font=\u00a0\u00bb|600|on||||||\u00a0\u00bb company_font=\u00a0\u00bbRoboto Condensed|600||on|||||\u00a0\u00bb company_text_color=\u00a0\u00bb#333333&Prime; background_color=\u00a0\u00bb#ffffff\u00a0\u00bb box_shadow_style=\u00a0\u00bbpreset1&Prime; global_colors_info=\u00a0\u00bb{}\u00a0\u00bb]Kaspia R\u00e9ception est certifi\u00e9e ISO 20121. Ses crit\u00e8res de d\u00e9veloppement durable sont formalis\u00e9s et int\u00e9gr\u00e9s aux cahier des charges dans la s\u00e9lection des fournisseurs alimentaires.[\/et_pb_testimonial][et_pb_testimonial company_name=\u00a0\u00bbMaison blanche\u00a0\u00bb use_icon_font_size=\u00a0\u00bbon\u00a0\u00bb icon_font_size=\u00a0\u00bb40px\u00a0\u00bb _builder_version=\u00a0\u00bb4.16&Prime; body_font=\u00a0\u00bb|600|on||||||\u00a0\u00bb company_font=\u00a0\u00bbRoboto Condensed|600||on|||||\u00a0\u00bb company_text_color=\u00a0\u00bb#333333&Prime; background_color=\u00a0\u00bb#ffffff\u00a0\u00bb box_shadow_style=\u00a0\u00bbpreset1&Prime; global_colors_info=\u00a0\u00bb{}\u00a0\u00bb]Maison blanche a mis en place un partenariat de r\u00e9cup\u00e9ration et de recyclage des huiles usag\u00e9es avec Biocoop.[\/et_pb_testimonial][\/et_pb_column][\/et_pb_row][\/et_pb_section]<\/p>\n","protected":false},"excerpt":{"rendered":"<p>67% de r\u00e9duction de d\u00e9chets alimentaires r\u00e9alis\u00e9s par les restaurants-traiteurs partenairesNos fournisseurs ont mis en place des actions de r\u00e9duction des d\u00e9chets alimentaires via des partenariats (ToGoodToGo, Le chainon manquant), ainsi que des actions caritatives en collaboration avec des associations et ONG (POIC, Sidaction, fondation AVEC, Solidarit\u00e9s Internationales, Autistes sans Fronti\u00e8res).R\u00e9sultats d&rsquo;enqu\u00eater\u00e9duction des d\u00e9chets alimentairesnourriture [&hellip;]<\/p>\n","protected":false},"author":1,"featured_media":0,"parent":0,"menu_order":0,"comment_status":"closed","ping_status":"closed","template":"","meta":{"_et_pb_use_builder":"on","_et_pb_old_content":"","_et_gb_content_width":"","footnotes":""},"class_list":["post-1097","page","type-page","status-publish","hentry"],"yoast_head":"<!-- This site is optimized with the Yoast SEO plugin v27.3 - https:\/\/yoast.com\/product\/yoast-seo-wordpress\/ -->\n<title>Restaurants-traiteurs partenaires - Invictus Corporate<\/title>\n<meta name=\"robots\" content=\"index, follow, max-snippet:-1, max-image-preview:large, max-video-preview:-1\" \/>\n<link rel=\"canonical\" href=\"https:\/\/invictus-corporate.com\/rse\/les-restaurants-traiteurs\/\" \/>\n<meta property=\"og:locale\" content=\"fr_FR\" \/>\n<meta property=\"og:type\" content=\"article\" \/>\n<meta property=\"og:title\" content=\"Restaurants-traiteurs partenaires - Invictus Corporate\" \/>\n<meta property=\"og:description\" content=\"67% de r\u00e9duction de d\u00e9chets alimentaires r\u00e9alis\u00e9s par les restaurants-traiteurs partenairesNos fournisseurs ont mis en place des actions de r\u00e9duction des d\u00e9chets alimentaires via des partenariats (ToGoodToGo, Le chainon manquant), ainsi que des actions caritatives en collaboration avec des associations et ONG (POIC, Sidaction, fondation AVEC, Solidarit\u00e9s Internationales, Autistes sans Fronti\u00e8res).R\u00e9sultats d&#039;enqu\u00eater\u00e9duction des d\u00e9chets alimentairesnourriture [&hellip;]\" \/>\n<meta property=\"og:url\" content=\"https:\/\/invictus-corporate.com\/rse\/les-restaurants-traiteurs\/\" \/>\n<meta property=\"og:site_name\" content=\"Invictus Corporate\" \/>\n<meta property=\"article:modified_time\" content=\"2024-02-15T09:46:54+00:00\" \/>\n<meta name=\"twitter:card\" content=\"summary_large_image\" \/>\n<meta name=\"twitter:label1\" content=\"Dur\u00e9e de lecture estim\u00e9e\" \/>\n\t<meta name=\"twitter:data1\" content=\"4 minutes\" \/>\n<script type=\"application\/ld+json\" class=\"yoast-schema-graph\">{\"@context\":\"https:\\\/\\\/schema.org\",\"@graph\":[{\"@type\":\"WebPage\",\"@id\":\"https:\\\/\\\/invictus-corporate.com\\\/rse\\\/les-restaurants-traiteurs\\\/\",\"url\":\"https:\\\/\\\/invictus-corporate.com\\\/rse\\\/les-restaurants-traiteurs\\\/\",\"name\":\"Restaurants-traiteurs partenaires - Invictus Corporate\",\"isPartOf\":{\"@id\":\"https:\\\/\\\/invictus-corporate.com\\\/rse\\\/#website\"},\"datePublished\":\"2021-03-08T15:07:19+00:00\",\"dateModified\":\"2024-02-15T09:46:54+00:00\",\"breadcrumb\":{\"@id\":\"https:\\\/\\\/invictus-corporate.com\\\/rse\\\/les-restaurants-traiteurs\\\/#breadcrumb\"},\"inLanguage\":\"fr-FR\",\"potentialAction\":[{\"@type\":\"ReadAction\",\"target\":[\"https:\\\/\\\/invictus-corporate.com\\\/rse\\\/les-restaurants-traiteurs\\\/\"]}]},{\"@type\":\"BreadcrumbList\",\"@id\":\"https:\\\/\\\/invictus-corporate.com\\\/rse\\\/les-restaurants-traiteurs\\\/#breadcrumb\",\"itemListElement\":[{\"@type\":\"ListItem\",\"position\":1,\"name\":\"Accueil\",\"item\":\"https:\\\/\\\/invictus-corporate.com\\\/rse\\\/\"},{\"@type\":\"ListItem\",\"position\":2,\"name\":\"Restaurants-traiteurs partenaires\"}]},{\"@type\":\"WebSite\",\"@id\":\"https:\\\/\\\/invictus-corporate.com\\\/rse\\\/#website\",\"url\":\"https:\\\/\\\/invictus-corporate.com\\\/rse\\\/\",\"name\":\"Invictus Corporate\",\"description\":\"Responsabilit\u00e9 Soci\u00e9tale des Entreprises\",\"potentialAction\":[{\"@type\":\"SearchAction\",\"target\":{\"@type\":\"EntryPoint\",\"urlTemplate\":\"https:\\\/\\\/invictus-corporate.com\\\/rse\\\/?s={search_term_string}\"},\"query-input\":{\"@type\":\"PropertyValueSpecification\",\"valueRequired\":true,\"valueName\":\"search_term_string\"}}],\"inLanguage\":\"fr-FR\"}]}<\/script>\n<!-- \/ Yoast SEO plugin. -->","yoast_head_json":{"title":"Restaurants-traiteurs partenaires - Invictus Corporate","robots":{"index":"index","follow":"follow","max-snippet":"max-snippet:-1","max-image-preview":"max-image-preview:large","max-video-preview":"max-video-preview:-1"},"canonical":"https:\/\/invictus-corporate.com\/rse\/les-restaurants-traiteurs\/","og_locale":"fr_FR","og_type":"article","og_title":"Restaurants-traiteurs partenaires - Invictus Corporate","og_description":"67% de r\u00e9duction de d\u00e9chets alimentaires r\u00e9alis\u00e9s par les restaurants-traiteurs partenairesNos fournisseurs ont mis en place des actions de r\u00e9duction des d\u00e9chets alimentaires via des partenariats (ToGoodToGo, Le chainon manquant), ainsi que des actions caritatives en collaboration avec des associations et ONG (POIC, Sidaction, fondation AVEC, Solidarit\u00e9s Internationales, Autistes sans Fronti\u00e8res).R\u00e9sultats d'enqu\u00eater\u00e9duction des d\u00e9chets alimentairesnourriture [&hellip;]","og_url":"https:\/\/invictus-corporate.com\/rse\/les-restaurants-traiteurs\/","og_site_name":"Invictus Corporate","article_modified_time":"2024-02-15T09:46:54+00:00","twitter_card":"summary_large_image","twitter_misc":{"Dur\u00e9e de lecture estim\u00e9e":"4 minutes"},"schema":{"@context":"https:\/\/schema.org","@graph":[{"@type":"WebPage","@id":"https:\/\/invictus-corporate.com\/rse\/les-restaurants-traiteurs\/","url":"https:\/\/invictus-corporate.com\/rse\/les-restaurants-traiteurs\/","name":"Restaurants-traiteurs partenaires - Invictus Corporate","isPartOf":{"@id":"https:\/\/invictus-corporate.com\/rse\/#website"},"datePublished":"2021-03-08T15:07:19+00:00","dateModified":"2024-02-15T09:46:54+00:00","breadcrumb":{"@id":"https:\/\/invictus-corporate.com\/rse\/les-restaurants-traiteurs\/#breadcrumb"},"inLanguage":"fr-FR","potentialAction":[{"@type":"ReadAction","target":["https:\/\/invictus-corporate.com\/rse\/les-restaurants-traiteurs\/"]}]},{"@type":"BreadcrumbList","@id":"https:\/\/invictus-corporate.com\/rse\/les-restaurants-traiteurs\/#breadcrumb","itemListElement":[{"@type":"ListItem","position":1,"name":"Accueil","item":"https:\/\/invictus-corporate.com\/rse\/"},{"@type":"ListItem","position":2,"name":"Restaurants-traiteurs partenaires"}]},{"@type":"WebSite","@id":"https:\/\/invictus-corporate.com\/rse\/#website","url":"https:\/\/invictus-corporate.com\/rse\/","name":"Invictus Corporate","description":"Responsabilit\u00e9 Soci\u00e9tale des Entreprises","potentialAction":[{"@type":"SearchAction","target":{"@type":"EntryPoint","urlTemplate":"https:\/\/invictus-corporate.com\/rse\/?s={search_term_string}"},"query-input":{"@type":"PropertyValueSpecification","valueRequired":true,"valueName":"search_term_string"}}],"inLanguage":"fr-FR"}]}},"_links":{"self":[{"href":"https:\/\/invictus-corporate.com\/rse\/wp-json\/wp\/v2\/pages\/1097","targetHints":{"allow":["GET"]}}],"collection":[{"href":"https:\/\/invictus-corporate.com\/rse\/wp-json\/wp\/v2\/pages"}],"about":[{"href":"https:\/\/invictus-corporate.com\/rse\/wp-json\/wp\/v2\/types\/page"}],"author":[{"embeddable":true,"href":"https:\/\/invictus-corporate.com\/rse\/wp-json\/wp\/v2\/users\/1"}],"replies":[{"embeddable":true,"href":"https:\/\/invictus-corporate.com\/rse\/wp-json\/wp\/v2\/comments?post=1097"}],"version-history":[{"count":9,"href":"https:\/\/invictus-corporate.com\/rse\/wp-json\/wp\/v2\/pages\/1097\/revisions"}],"predecessor-version":[{"id":2026,"href":"https:\/\/invictus-corporate.com\/rse\/wp-json\/wp\/v2\/pages\/1097\/revisions\/2026"}],"wp:attachment":[{"href":"https:\/\/invictus-corporate.com\/rse\/wp-json\/wp\/v2\/media?parent=1097"}],"curies":[{"name":"wp","href":"https:\/\/api.w.org\/{rel}","templated":true}]}}