{"id":1106,"date":"2021-03-08T16:07:19","date_gmt":"2021-03-08T15:07:19","guid":{"rendered":"https:\/\/invictus-corporate.com\/rse\/?page_id=1106"},"modified":"2024-02-15T10:45:10","modified_gmt":"2024-02-15T09:45:10","slug":"les-hotels","status":"publish","type":"page","link":"https:\/\/invictus-corporate.com\/rse\/les-hotels\/","title":{"rendered":"H\u00f4tels partenaires"},"content":{"rendered":"<p>[et_pb_section fb_built=\u00a0\u00bb1&Prime; admin_label=\u00a0\u00bbHOTELS\u00a0\u00bb _builder_version=\u00a0\u00bb4.16&Prime; use_background_color_gradient=\u00a0\u00bbon\u00a0\u00bb background_color_gradient_type=\u00a0\u00bbcircular\u00a0\u00bb background_color_gradient_direction_radial=\u00a0\u00bbtop left\u00a0\u00bb background_color_gradient_stops=\u00a0\u00bb#f8f8f8 40%|rgba(255,255,255,0.38) 100%\u00a0\u00bb background_color_gradient_overlays_image=\u00a0\u00bbon\u00a0\u00bb background_color_gradient_start=\u00a0\u00bb#f8f8f8&Prime; background_color_gradient_start_position=\u00a0\u00bb40%\u00a0\u00bb background_color_gradient_end=\u00a0\u00bbrgba(255,255,255,0.38)\u00a0\u00bb background_image=\u00a0\u00bbhttps:\/\/invictus-corporate.com\/rse\/wp-content\/uploads\/2020\/06\/ima-fond12.jpg\u00a0\u00bb max_width_last_edited=\u00a0\u00bboff|desktop\u00a0\u00bb module_alignment=\u00a0\u00bbcenter\u00a0\u00bb custom_margin=\u00a0\u00bb0px||||false|true\u00a0\u00bb custom_margin_tablet=\u00a0\u00bb0%|0%||0%||true\u00a0\u00bb custom_margin_phone=\u00a0\u00bb\u00a0\u00bb custom_margin_last_edited=\u00a0\u00bbon|desktop\u00a0\u00bb custom_padding=\u00a0\u00bb0px||0px||false|false\u00a0\u00bb animation_style=\u00a0\u00bbfade\u00a0\u00bb collapsed=\u00a0\u00bbon\u00a0\u00bb global_colors_info=\u00a0\u00bb{}\u00a0\u00bb][et_pb_row _builder_version=\u00a0\u00bb4.16&Prime; global_colors_info=\u00a0\u00bb{}\u00a0\u00bb][et_pb_column type=\u00a0\u00bb4_4&Prime; _builder_version=\u00a0\u00bb4.16&Prime; global_colors_info=\u00a0\u00bb{}\u00a0\u00bb][et_pb_divider show_divider=\u00a0\u00bboff\u00a0\u00bb _builder_version=\u00a0\u00bb4.16&Prime; global_colors_info=\u00a0\u00bb{}\u00a0\u00bb][\/et_pb_divider][\/et_pb_column][\/et_pb_row][et_pb_row _builder_version=\u00a0\u00bb4.16&Prime; custom_margin=\u00a0\u00bb||||false|false\u00a0\u00bb global_colors_info=\u00a0\u00bb{}\u00a0\u00bb][et_pb_column type=\u00a0\u00bb4_4&Prime; _builder_version=\u00a0\u00bb4.16&Prime; custom_padding=\u00a0\u00bb|||\u00a0\u00bb global_colors_info=\u00a0\u00bb{}\u00a0\u00bb custom_padding__hover=\u00a0\u00bb|||\u00a0\u00bb][et_pb_text _builder_version=\u00a0\u00bb4.16&Prime; text_font=\u00a0\u00bb||||||||\u00a0\u00bb header_font=\u00a0\u00bbOpen Sans Condensed|700|||||||\u00a0\u00bb header_font_size=\u00a0\u00bb55px\u00a0\u00bb header_line_height=\u00a0\u00bb1.2em\u00a0\u00bb custom_margin=\u00a0\u00bb||||false|false\u00a0\u00bb header_font_size_tablet=\u00a0\u00bb50px\u00a0\u00bb header_font_size_phone=\u00a0\u00bb32px\u00a0\u00bb header_font_size_last_edited=\u00a0\u00bbon|desktop\u00a0\u00bb border_color_left=\u00a0\u00bbrgba(0,0,0,0)\u00a0\u00bb global_colors_info=\u00a0\u00bb{}\u00a0\u00bb]<\/p>\n<h1>100% des offres de service des H\u00f4tels partenaires visent \u00e0 r\u00e9duire les impacts environnementaux<\/h1>\n<p>[\/et_pb_text][\/et_pb_column][\/et_pb_row][et_pb_row _builder_version=\u00a0\u00bb4.16&Prime; global_colors_info=\u00a0\u00bb{}\u00a0\u00bb][et_pb_column type=\u00a0\u00bb4_4&Prime; _builder_version=\u00a0\u00bb4.16&Prime; global_colors_info=\u00a0\u00bb{}\u00a0\u00bb][et_pb_divider show_divider=\u00a0\u00bboff\u00a0\u00bb _builder_version=\u00a0\u00bb4.16&Prime; global_colors_info=\u00a0\u00bb{}\u00a0\u00bb][\/et_pb_divider][\/et_pb_column][\/et_pb_row][\/et_pb_section][et_pb_section fb_built=\u00a0\u00bb1&Prime; admin_label=\u00a0\u00bbR\u00e9sultats d&rsquo;enquete\u00a0\u00bb _builder_version=\u00a0\u00bb4.16&Prime; collapsed=\u00a0\u00bbon\u00a0\u00bb global_colors_info=\u00a0\u00bb{}\u00a0\u00bb][et_pb_row column_structure=\u00a0\u00bb1_3,2_3&Prime; _builder_version=\u00a0\u00bb4.16&Prime; global_colors_info=\u00a0\u00bb{}\u00a0\u00bb][et_pb_column type=\u00a0\u00bb1_3&Prime; _builder_version=\u00a0\u00bb4.16&Prime; custom_padding=\u00a0\u00bb|||\u00a0\u00bb global_colors_info=\u00a0\u00bb{}\u00a0\u00bb custom_padding__hover=\u00a0\u00bb|||\u00a0\u00bb][et_pb_image src=\u00a0\u00bbhttps:\/\/invictus-corporate.com\/rse\/wp-content\/uploads\/2020\/06\/imahotel01.jpg\u00a0\u00bb _builder_version=\u00a0\u00bb4.16&Prime; border_radii=\u00a0\u00bboff||15px||15px\u00a0\u00bb global_colors_info=\u00a0\u00bb{}\u00a0\u00bb][\/et_pb_image][\/et_pb_column][et_pb_column type=\u00a0\u00bb2_3&Prime; _builder_version=\u00a0\u00bb4.16&Prime; custom_padding=\u00a0\u00bb|||\u00a0\u00bb global_colors_info=\u00a0\u00bb{}\u00a0\u00bb custom_padding__hover=\u00a0\u00bb|||\u00a0\u00bb][et_pb_text _builder_version=\u00a0\u00bb4.16&Prime; header_font=\u00a0\u00bb||||||||\u00a0\u00bb header_2_font=\u00a0\u00bbOpen Sans Condensed|700|||||||\u00a0\u00bb header_2_font_size=\u00a0\u00bb40px\u00a0\u00bb header_2_line_height=\u00a0\u00bb1.4em\u00a0\u00bb header_2_font_size_tablet=\u00a0\u00bb\u00a0\u00bb header_2_font_size_phone=\u00a0\u00bb28px\u00a0\u00bb header_2_font_size_last_edited=\u00a0\u00bbon|desktop\u00a0\u00bb global_colors_info=\u00a0\u00bb{}\u00a0\u00bb]<\/p>\n<h2>R\u00e9sultats d&rsquo;enqu\u00eate<\/h2>\n<p>[\/et_pb_text][et_pb_divider divider_weight=\u00a0\u00bb2px\u00a0\u00bb _builder_version=\u00a0\u00bb4.16&Prime; max_width=\u00a0\u00bb100px\u00a0\u00bb global_colors_info=\u00a0\u00bb{}\u00a0\u00bb][\/et_pb_divider][et_pb_counters bar_bg_color=\u00a0\u00bb#fc8e6a\u00a0\u00bb _builder_version=\u00a0\u00bb4.16&Prime; title_font=\u00a0\u00bb|600|||||||\u00a0\u00bb title_font_size=\u00a0\u00bb14px\u00a0\u00bb percent_text_color=\u00a0\u00bb#000000&Prime; percent_font_size=\u00a0\u00bb16px\u00a0\u00bb global_colors_info=\u00a0\u00bb{}\u00a0\u00bb][et_pb_counter percent=\u00a0\u00bb100&Prime; _builder_version=\u00a0\u00bb4.16&Prime; title_font=\u00a0\u00bb|||on|||||\u00a0\u00bb global_colors_info=\u00a0\u00bb{}\u00a0\u00bb]r\u00e9duction des impacts environnementaux[\/et_pb_counter][et_pb_counter percent=\u00a0\u00bb80&Prime; _builder_version=\u00a0\u00bb4.16&Prime; title_font=\u00a0\u00bb|||on|||||\u00a0\u00bb global_colors_info=\u00a0\u00bb{}\u00a0\u00bb]un ou plusieurs labels[\/et_pb_counter][et_pb_counter percent=\u00a0\u00bb75&Prime; _builder_version=\u00a0\u00bb4.16&Prime; title_font=\u00a0\u00bb|||on|||||\u00a0\u00bb global_colors_info=\u00a0\u00bb{}\u00a0\u00bb]contrats \u00e9nergie renouvelable[\/et_pb_counter][et_pb_counter percent=\u00a0\u00bb75&Prime; _builder_version=\u00a0\u00bb4.16&Prime; title_font=\u00a0\u00bb|||on|||||\u00a0\u00bb global_colors_info=\u00a0\u00bb{}\u00a0\u00bb]offre v\u00e9g\u00e9tarienne et saisonnalit\u00e9 des produits[\/et_pb_counter][\/et_pb_counters][et_pb_divider show_divider=\u00a0\u00bboff\u00a0\u00bb _builder_version=\u00a0\u00bb4.16&Prime; max_width=\u00a0\u00bb100px\u00a0\u00bb global_colors_info=\u00a0\u00bb{}\u00a0\u00bb][\/et_pb_divider][et_pb_text _builder_version=\u00a0\u00bb4.16&Prime; global_colors_info=\u00a0\u00bb{}\u00a0\u00bb]<\/p>\n<p><strong>100% des r\u00e9pondants ont d\u00e9velopp\u00e9 des offres de service visant \u00e0 r\u00e9duire les impacts environnementaux<\/strong> et sociaux des activit\u00e9s d\u2019accueil et d\u2019\u00e9v\u00e9nements.<\/p>\n<p>80% d\u2019entre eux portent un ou plusieurs labels, en voici quelques uns :<\/p>\n<ul>\n<li>Planet 21<\/li>\n<li>Serve 360 Mariott<\/li>\n<li>Accor CSR Policy<\/li>\n<li>ISO 20121<\/li>\n<\/ul>\n<p>75% des r\u00e9pondants ont mis\/mettent en place des contrats \u00e9nergie renouvelable.<\/p>\n<p>75% des r\u00e9pondants adaptent leurs menus de restauration en fonction de la saisonnalit\u00e9 des produits et proposent des menus v\u00e9g\u00e9tariens.<\/p>\n<p>[\/et_pb_text][\/et_pb_column][\/et_pb_row][\/et_pb_section][et_pb_section fb_built=\u00a0\u00bb1&Prime; admin_label=\u00a0\u00bbt\u00e9moignages\u00a0\u00bb _builder_version=\u00a0\u00bb4.16&Prime; background_enable_color=\u00a0\u00bboff\u00a0\u00bb use_background_color_gradient=\u00a0\u00bbon\u00a0\u00bb background_color_gradient_type=\u00a0\u00bbcircular\u00a0\u00bb background_color_gradient_direction_radial=\u00a0\u00bbtop\u00a0\u00bb background_color_gradient_stops=\u00a0\u00bbrgba(255,255,255,0.75) 30%|rgba(255,255,255,0.13) 100%\u00a0\u00bb background_color_gradient_overlays_image=\u00a0\u00bbon\u00a0\u00bb background_color_gradient_start=\u00a0\u00bbrgba(255,255,255,0.75)\u00a0\u00bb background_color_gradient_start_position=\u00a0\u00bb30%\u00a0\u00bb background_color_gradient_end=\u00a0\u00bbrgba(255,255,255,0.13)\u00a0\u00bb background_image=\u00a0\u00bbhttps:\/\/invictus-corporate.com\/rse\/wp-content\/uploads\/2020\/06\/ima-fond08.jpg\u00a0\u00bb custom_margin=\u00a0\u00bb||||false|false\u00a0\u00bb custom_padding=\u00a0\u00bb100px||100px||false|false\u00a0\u00bb top_divider_style=\u00a0\u00bbwave\u00a0\u00bb top_divider_color=\u00a0\u00bb#ffffff\u00a0\u00bb bottom_divider_style=\u00a0\u00bbwave\u00a0\u00bb bottom_divider_color=\u00a0\u00bb#eaeaea\u00a0\u00bb collapsed=\u00a0\u00bbon\u00a0\u00bb global_colors_info=\u00a0\u00bb{}\u00a0\u00bb][et_pb_row _builder_version=\u00a0\u00bb4.16&Prime; global_colors_info=\u00a0\u00bb{}\u00a0\u00bb][et_pb_column type=\u00a0\u00bb4_4&Prime; _builder_version=\u00a0\u00bb4.16&Prime; custom_padding=\u00a0\u00bb|||\u00a0\u00bb global_colors_info=\u00a0\u00bb{}\u00a0\u00bb custom_padding__hover=\u00a0\u00bb|||\u00a0\u00bb][et_pb_text _builder_version=\u00a0\u00bb4.16&Prime; header_font=\u00a0\u00bb||||||||\u00a0\u00bb header_2_font=\u00a0\u00bbOpen Sans Condensed|700|||||||\u00a0\u00bb header_2_font_size=\u00a0\u00bb40px\u00a0\u00bb header_2_line_height=\u00a0\u00bb1.4em\u00a0\u00bb header_2_font_size_tablet=\u00a0\u00bb\u00a0\u00bb header_2_font_size_phone=\u00a0\u00bb28px\u00a0\u00bb header_2_font_size_last_edited=\u00a0\u00bbon|desktop\u00a0\u00bb global_colors_info=\u00a0\u00bb{}\u00a0\u00bb]<\/p>\n<h2>T\u00e9moignages : Les fiert\u00e9s de nos partenaires<\/h2>\n<p>[\/et_pb_text][et_pb_divider divider_weight=\u00a0\u00bb2px\u00a0\u00bb _builder_version=\u00a0\u00bb4.16&Prime; max_width=\u00a0\u00bb100px\u00a0\u00bb global_colors_info=\u00a0\u00bb{}\u00a0\u00bb][\/et_pb_divider][\/et_pb_column][\/et_pb_row][et_pb_row column_structure=\u00a0\u00bb1_2,1_2&Prime; _builder_version=\u00a0\u00bb4.16&Prime; global_colors_info=\u00a0\u00bb{}\u00a0\u00bb][et_pb_column type=\u00a0\u00bb1_2&Prime; _builder_version=\u00a0\u00bb4.16&Prime; custom_padding=\u00a0\u00bb|||\u00a0\u00bb global_colors_info=\u00a0\u00bb{}\u00a0\u00bb custom_padding__hover=\u00a0\u00bb|||\u00a0\u00bb][et_pb_testimonial company_name=\u00a0\u00bbNovotel\u00a0\u00bb use_icon_font_size=\u00a0\u00bbon\u00a0\u00bb icon_font_size=\u00a0\u00bb40px\u00a0\u00bb _builder_version=\u00a0\u00bb4.16&Prime; body_font=\u00a0\u00bb|600|on||||||\u00a0\u00bb company_font=\u00a0\u00bbRoboto Condensed|600||on|||||\u00a0\u00bb company_text_color=\u00a0\u00bb#333333&Prime; background_color=\u00a0\u00bb#ffffff\u00a0\u00bb box_shadow_style=\u00a0\u00bbpreset1&Prime; global_colors_info=\u00a0\u00bb{}\u00a0\u00bb]Novotel Paris Est s\u2019engage dans le programme Planet 21. Ce sont les 21 engagements pris par le groupe Accor en faveur du d\u00e9veloppement durable. Engagement de r\u00e9duction de consommation d\u2019eau et d&rsquo;\u00e9nergie, en recyclage des d\u00e9chets pour une diminution d&#8217;empreinte (carbone).[\/et_pb_testimonial][et_pb_testimonial company_name=\u00a0\u00bbMarriott\u00a0\u00bb use_icon_font_size=\u00a0\u00bbon\u00a0\u00bb icon_font_size=\u00a0\u00bb40px\u00a0\u00bb _builder_version=\u00a0\u00bb4.16&Prime; body_font=\u00a0\u00bb|600|on||||||\u00a0\u00bb company_font=\u00a0\u00bbRoboto Condensed|600||on|||||\u00a0\u00bb company_text_color=\u00a0\u00bb#333333&Prime; background_color=\u00a0\u00bb#ffffff\u00a0\u00bb box_shadow_style=\u00a0\u00bbpreset1&Prime; global_colors_info=\u00a0\u00bb{}\u00a0\u00bb]Les Hotels Marriott ont publi\u00e9 leurs objectifs et doivent r\u00e9duire leur empreinte environnementale d\u2019ici \u00e0 2025 selon les axes suivants :<br \/>-15% d&rsquo;utilisation d\u2019eau,<br \/>-45% d\u2019enfouissement de d\u00e9chets<br \/>-50% de d\u00e9chets alimentaires<br \/>+50% d&rsquo;\u00e9nergie renouvelable dont un minimum de 30% d\u2019\u00e9lectricit\u00e9 renouvelable.[\/et_pb_testimonial][\/et_pb_column][et_pb_column type=\u00a0\u00bb1_2&Prime; _builder_version=\u00a0\u00bb4.16&Prime; custom_padding=\u00a0\u00bb|||\u00a0\u00bb global_colors_info=\u00a0\u00bb{}\u00a0\u00bb custom_padding__hover=\u00a0\u00bb|||\u00a0\u00bb][et_pb_testimonial company_name=\u00a0\u00bbMarriott\u00a0\u00bb use_icon_font_size=\u00a0\u00bbon\u00a0\u00bb icon_font_size=\u00a0\u00bb40px\u00a0\u00bb _builder_version=\u00a0\u00bb4.16&Prime; body_font=\u00a0\u00bb|600|on||||||\u00a0\u00bb company_font=\u00a0\u00bbRoboto Condensed|600||on|||||\u00a0\u00bb company_text_color=\u00a0\u00bb#333333&Prime; background_color=\u00a0\u00bb#ffffff\u00a0\u00bb box_shadow_style=\u00a0\u00bbpreset1&Prime; global_colors_info=\u00a0\u00bb{}\u00a0\u00bb]La politique de protection sociale des H\u00f4tels Marriott, \u00e0 travers le monde, ambitionne une exemplarit\u00e9 envers ses collaborateurs : mixit\u00e9, formation officielle des associ\u00e9s aux lois et leur application de droits humains, incluant des leviers de r\u00e9duction des risques de trafic d\u2019\u00eatres humains et de recrutement responsable.[\/et_pb_testimonial][et_pb_testimonial company_name=\u00a0\u00bbPeninsula Hotel\u00a0\u00bb use_icon_font_size=\u00a0\u00bbon\u00a0\u00bb icon_font_size=\u00a0\u00bb40px\u00a0\u00bb _builder_version=\u00a0\u00bb4.16&Prime; body_font=\u00a0\u00bb|600|on||||||\u00a0\u00bb company_font=\u00a0\u00bbRoboto Condensed|600||on|||||\u00a0\u00bb company_text_color=\u00a0\u00bb#333333&Prime; background_color=\u00a0\u00bb#ffffff\u00a0\u00bb border_color_all=\u00a0\u00bbrgba(0,0,0,0)\u00a0\u00bb box_shadow_style=\u00a0\u00bbpreset1&Prime; global_colors_info=\u00a0\u00bb{}\u00a0\u00bb]Les h\u00f4tels Peninsula ont obtenu un score \u00ab\u00a0bon\u00a0\u00bb au BREEAM (m\u00e9thode d\u2019\u00e9valuation de la performance environnementale des b\u00e2timents)\u00a0: utilisation de bois durable, syst\u00e8me de ventilation \u00e9co-\u00e9nerg\u00e9tique et rev\u00eatement mural \u00e0 contenu recycl\u00e9.[\/et_pb_testimonial][et_pb_testimonial company_name=\u00a0\u00bbMarriott\u00a0\u00bb use_icon_font_size=\u00a0\u00bbon\u00a0\u00bb icon_font_size=\u00a0\u00bb40px\u00a0\u00bb _builder_version=\u00a0\u00bb4.16&Prime; body_font=\u00a0\u00bb|600|on||||||\u00a0\u00bb company_font=\u00a0\u00bbRoboto Condensed|600||on|||||\u00a0\u00bb company_text_color=\u00a0\u00bb#333333&Prime; background_color=\u00a0\u00bb#ffffff\u00a0\u00bb box_shadow_style=\u00a0\u00bbpreset1&Prime; global_colors_info=\u00a0\u00bb{}\u00a0\u00bb]D\u2019ici \u00e0 2025, les h\u00f4tels Marriott souhaitent promouvoir la paix dans le monde \u00e0 travers les activit\u00e9s h\u00f4teli\u00e8res. Ils investissent 500 000 dollars \u00e0 travers le monde pour \u00e9valuer, conduire et \u00e9lever le r\u00f4le du tourisme vers le bien-\u00eatre humain.[\/et_pb_testimonial][\/et_pb_column][\/et_pb_row][\/et_pb_section]<\/p>\n","protected":false},"excerpt":{"rendered":"<p>100% des offres de service des H\u00f4tels partenaires visent \u00e0 r\u00e9duire les impacts environnementauxR\u00e9sultats d&rsquo;enqu\u00eater\u00e9duction des impacts environnementauxun ou plusieurs labelscontrats \u00e9nergie renouvelableoffre v\u00e9g\u00e9tarienne et saisonnalit\u00e9 des produits100% des r\u00e9pondants ont d\u00e9velopp\u00e9 des offres de service visant \u00e0 r\u00e9duire les impacts environnementaux et sociaux des activit\u00e9s d\u2019accueil et d\u2019\u00e9v\u00e9nements. 80% d\u2019entre eux portent un ou [&hellip;]<\/p>\n","protected":false},"author":1,"featured_media":0,"parent":0,"menu_order":0,"comment_status":"closed","ping_status":"closed","template":"","meta":{"_et_pb_use_builder":"on","_et_pb_old_content":"","_et_gb_content_width":"","footnotes":""},"class_list":["post-1106","page","type-page","status-publish","hentry"],"yoast_head":"<!-- This site is optimized with the Yoast SEO plugin v27.4 - https:\/\/yoast.com\/product\/yoast-seo-wordpress\/ -->\n<title>H\u00f4tels partenaires - Invictus Corporate<\/title>\n<meta name=\"robots\" content=\"index, follow, max-snippet:-1, max-image-preview:large, max-video-preview:-1\" \/>\n<link rel=\"canonical\" href=\"https:\/\/invictus-corporate.com\/rse\/les-hotels\/\" \/>\n<meta property=\"og:locale\" content=\"fr_FR\" \/>\n<meta property=\"og:type\" content=\"article\" \/>\n<meta property=\"og:title\" content=\"H\u00f4tels partenaires - Invictus Corporate\" \/>\n<meta property=\"og:description\" content=\"100% des offres de service des H\u00f4tels partenaires visent \u00e0 r\u00e9duire les impacts environnementauxR\u00e9sultats d&#039;enqu\u00eater\u00e9duction des impacts environnementauxun ou plusieurs labelscontrats \u00e9nergie renouvelableoffre v\u00e9g\u00e9tarienne et saisonnalit\u00e9 des produits100% des r\u00e9pondants ont d\u00e9velopp\u00e9 des offres de service visant \u00e0 r\u00e9duire les impacts environnementaux et sociaux des activit\u00e9s d\u2019accueil et d\u2019\u00e9v\u00e9nements. 80% d\u2019entre eux portent un ou [&hellip;]\" \/>\n<meta property=\"og:url\" content=\"https:\/\/invictus-corporate.com\/rse\/les-hotels\/\" \/>\n<meta property=\"og:site_name\" content=\"Invictus Corporate\" \/>\n<meta property=\"article:modified_time\" content=\"2024-02-15T09:45:10+00:00\" \/>\n<meta name=\"twitter:card\" content=\"summary_large_image\" \/>\n<meta name=\"twitter:label1\" content=\"Dur\u00e9e de lecture estim\u00e9e\" \/>\n\t<meta name=\"twitter:data1\" content=\"3 minutes\" \/>\n<script type=\"application\/ld+json\" class=\"yoast-schema-graph\">{\"@context\":\"https:\\\/\\\/schema.org\",\"@graph\":[{\"@type\":\"WebPage\",\"@id\":\"https:\\\/\\\/invictus-corporate.com\\\/rse\\\/les-hotels\\\/\",\"url\":\"https:\\\/\\\/invictus-corporate.com\\\/rse\\\/les-hotels\\\/\",\"name\":\"H\u00f4tels partenaires - Invictus Corporate\",\"isPartOf\":{\"@id\":\"https:\\\/\\\/invictus-corporate.com\\\/rse\\\/#website\"},\"datePublished\":\"2021-03-08T15:07:19+00:00\",\"dateModified\":\"2024-02-15T09:45:10+00:00\",\"breadcrumb\":{\"@id\":\"https:\\\/\\\/invictus-corporate.com\\\/rse\\\/les-hotels\\\/#breadcrumb\"},\"inLanguage\":\"fr-FR\",\"potentialAction\":[{\"@type\":\"ReadAction\",\"target\":[\"https:\\\/\\\/invictus-corporate.com\\\/rse\\\/les-hotels\\\/\"]}]},{\"@type\":\"BreadcrumbList\",\"@id\":\"https:\\\/\\\/invictus-corporate.com\\\/rse\\\/les-hotels\\\/#breadcrumb\",\"itemListElement\":[{\"@type\":\"ListItem\",\"position\":1,\"name\":\"Accueil\",\"item\":\"https:\\\/\\\/invictus-corporate.com\\\/rse\\\/\"},{\"@type\":\"ListItem\",\"position\":2,\"name\":\"H\u00f4tels partenaires\"}]},{\"@type\":\"WebSite\",\"@id\":\"https:\\\/\\\/invictus-corporate.com\\\/rse\\\/#website\",\"url\":\"https:\\\/\\\/invictus-corporate.com\\\/rse\\\/\",\"name\":\"Invictus Corporate\",\"description\":\"Responsabilit\u00e9 Soci\u00e9tale des Entreprises\",\"potentialAction\":[{\"@type\":\"SearchAction\",\"target\":{\"@type\":\"EntryPoint\",\"urlTemplate\":\"https:\\\/\\\/invictus-corporate.com\\\/rse\\\/?s={search_term_string}\"},\"query-input\":{\"@type\":\"PropertyValueSpecification\",\"valueRequired\":true,\"valueName\":\"search_term_string\"}}],\"inLanguage\":\"fr-FR\"}]}<\/script>\n<!-- \/ Yoast SEO plugin. -->","yoast_head_json":{"title":"H\u00f4tels partenaires - Invictus Corporate","robots":{"index":"index","follow":"follow","max-snippet":"max-snippet:-1","max-image-preview":"max-image-preview:large","max-video-preview":"max-video-preview:-1"},"canonical":"https:\/\/invictus-corporate.com\/rse\/les-hotels\/","og_locale":"fr_FR","og_type":"article","og_title":"H\u00f4tels partenaires - Invictus Corporate","og_description":"100% des offres de service des H\u00f4tels partenaires visent \u00e0 r\u00e9duire les impacts environnementauxR\u00e9sultats d'enqu\u00eater\u00e9duction des impacts environnementauxun ou plusieurs labelscontrats \u00e9nergie renouvelableoffre v\u00e9g\u00e9tarienne et saisonnalit\u00e9 des produits100% des r\u00e9pondants ont d\u00e9velopp\u00e9 des offres de service visant \u00e0 r\u00e9duire les impacts environnementaux et sociaux des activit\u00e9s d\u2019accueil et d\u2019\u00e9v\u00e9nements. 80% d\u2019entre eux portent un ou [&hellip;]","og_url":"https:\/\/invictus-corporate.com\/rse\/les-hotels\/","og_site_name":"Invictus Corporate","article_modified_time":"2024-02-15T09:45:10+00:00","twitter_card":"summary_large_image","twitter_misc":{"Dur\u00e9e de lecture estim\u00e9e":"3 minutes"},"schema":{"@context":"https:\/\/schema.org","@graph":[{"@type":"WebPage","@id":"https:\/\/invictus-corporate.com\/rse\/les-hotels\/","url":"https:\/\/invictus-corporate.com\/rse\/les-hotels\/","name":"H\u00f4tels partenaires - Invictus Corporate","isPartOf":{"@id":"https:\/\/invictus-corporate.com\/rse\/#website"},"datePublished":"2021-03-08T15:07:19+00:00","dateModified":"2024-02-15T09:45:10+00:00","breadcrumb":{"@id":"https:\/\/invictus-corporate.com\/rse\/les-hotels\/#breadcrumb"},"inLanguage":"fr-FR","potentialAction":[{"@type":"ReadAction","target":["https:\/\/invictus-corporate.com\/rse\/les-hotels\/"]}]},{"@type":"BreadcrumbList","@id":"https:\/\/invictus-corporate.com\/rse\/les-hotels\/#breadcrumb","itemListElement":[{"@type":"ListItem","position":1,"name":"Accueil","item":"https:\/\/invictus-corporate.com\/rse\/"},{"@type":"ListItem","position":2,"name":"H\u00f4tels partenaires"}]},{"@type":"WebSite","@id":"https:\/\/invictus-corporate.com\/rse\/#website","url":"https:\/\/invictus-corporate.com\/rse\/","name":"Invictus Corporate","description":"Responsabilit\u00e9 Soci\u00e9tale des Entreprises","potentialAction":[{"@type":"SearchAction","target":{"@type":"EntryPoint","urlTemplate":"https:\/\/invictus-corporate.com\/rse\/?s={search_term_string}"},"query-input":{"@type":"PropertyValueSpecification","valueRequired":true,"valueName":"search_term_string"}}],"inLanguage":"fr-FR"}]}},"_links":{"self":[{"href":"https:\/\/invictus-corporate.com\/rse\/wp-json\/wp\/v2\/pages\/1106","targetHints":{"allow":["GET"]}}],"collection":[{"href":"https:\/\/invictus-corporate.com\/rse\/wp-json\/wp\/v2\/pages"}],"about":[{"href":"https:\/\/invictus-corporate.com\/rse\/wp-json\/wp\/v2\/types\/page"}],"author":[{"embeddable":true,"href":"https:\/\/invictus-corporate.com\/rse\/wp-json\/wp\/v2\/users\/1"}],"replies":[{"embeddable":true,"href":"https:\/\/invictus-corporate.com\/rse\/wp-json\/wp\/v2\/comments?post=1106"}],"version-history":[{"count":10,"href":"https:\/\/invictus-corporate.com\/rse\/wp-json\/wp\/v2\/pages\/1106\/revisions"}],"predecessor-version":[{"id":2021,"href":"https:\/\/invictus-corporate.com\/rse\/wp-json\/wp\/v2\/pages\/1106\/revisions\/2021"}],"wp:attachment":[{"href":"https:\/\/invictus-corporate.com\/rse\/wp-json\/wp\/v2\/media?parent=1106"}],"curies":[{"name":"wp","href":"https:\/\/api.w.org\/{rel}","templated":true}]}}