{"id":1156,"date":"2021-03-05T18:10:14","date_gmt":"2021-03-05T17:10:14","guid":{"rendered":"https:\/\/invictus-corporate.com\/rse\/?page_id=1156"},"modified":"2024-02-15T10:46:16","modified_gmt":"2024-02-15T09:46:16","slug":"voyages-ecoresponsables","status":"publish","type":"page","link":"https:\/\/invictus-corporate.com\/rse\/voyages-ecoresponsables\/","title":{"rendered":"Nos voyages \u00e9coresponsables"},"content":{"rendered":"<p>[et_pb_section fb_built=\u00a0\u00bb1&Prime; admin_label=\u00a0\u00bbHeader\u00a0\u00bb _builder_version=\u00a0\u00bb4.16&Prime; use_background_color_gradient=\u00a0\u00bbon\u00a0\u00bb background_color_gradient_type=\u00a0\u00bbcircular\u00a0\u00bb background_color_gradient_direction_radial=\u00a0\u00bbtop left\u00a0\u00bb background_color_gradient_stops=\u00a0\u00bb#f8f8f8 40%|rgba(255,255,255,0) 100%\u00a0\u00bb background_color_gradient_overlays_image=\u00a0\u00bbon\u00a0\u00bb background_color_gradient_start=\u00a0\u00bb#f8f8f8&Prime; background_color_gradient_start_position=\u00a0\u00bb40%\u00a0\u00bb background_color_gradient_end=\u00a0\u00bbrgba(255,255,255,0)\u00a0\u00bb background_image=\u00a0\u00bbhttps:\/\/invictus-corporate.com\/rse\/wp-content\/uploads\/2021\/03\/birds.jpg\u00a0\u00bb max_width_last_edited=\u00a0\u00bboff|desktop\u00a0\u00bb module_alignment=\u00a0\u00bbcenter\u00a0\u00bb custom_margin=\u00a0\u00bb0px||||false|true\u00a0\u00bb custom_margin_tablet=\u00a0\u00bb0%|0%||0%||true\u00a0\u00bb custom_margin_phone=\u00a0\u00bb\u00a0\u00bb custom_margin_last_edited=\u00a0\u00bbon|desktop\u00a0\u00bb custom_padding=\u00a0\u00bb0px||0px||false|false\u00a0\u00bb animation_style=\u00a0\u00bbfade\u00a0\u00bb collapsed=\u00a0\u00bbon\u00a0\u00bb global_colors_info=\u00a0\u00bb{}\u00a0\u00bb][et_pb_row _builder_version=\u00a0\u00bb4.16&Prime; global_colors_info=\u00a0\u00bb{}\u00a0\u00bb][et_pb_column type=\u00a0\u00bb4_4&Prime; _builder_version=\u00a0\u00bb4.16&Prime; global_colors_info=\u00a0\u00bb{}\u00a0\u00bb][et_pb_divider show_divider=\u00a0\u00bboff\u00a0\u00bb _builder_version=\u00a0\u00bb4.16&Prime; global_colors_info=\u00a0\u00bb{}\u00a0\u00bb][\/et_pb_divider][\/et_pb_column][\/et_pb_row][et_pb_row _builder_version=\u00a0\u00bb4.16&Prime; custom_margin=\u00a0\u00bb||||false|false\u00a0\u00bb global_colors_info=\u00a0\u00bb{}\u00a0\u00bb][et_pb_column type=\u00a0\u00bb4_4&Prime; _builder_version=\u00a0\u00bb4.16&Prime; custom_padding=\u00a0\u00bb|||\u00a0\u00bb global_colors_info=\u00a0\u00bb{}\u00a0\u00bb custom_padding__hover=\u00a0\u00bb|||\u00a0\u00bb][et_pb_text _builder_version=\u00a0\u00bb4.16&Prime; text_font=\u00a0\u00bb||||||||\u00a0\u00bb header_font=\u00a0\u00bbOpen Sans Condensed|700|||||||\u00a0\u00bb header_font_size=\u00a0\u00bb55px\u00a0\u00bb header_line_height=\u00a0\u00bb1.2em\u00a0\u00bb custom_margin=\u00a0\u00bb||||false|false\u00a0\u00bb header_font_size_tablet=\u00a0\u00bb50px\u00a0\u00bb header_font_size_phone=\u00a0\u00bb32px\u00a0\u00bb header_font_size_last_edited=\u00a0\u00bbon|desktop\u00a0\u00bb border_color_left=\u00a0\u00bbrgba(0,0,0,0)\u00a0\u00bb global_colors_info=\u00a0\u00bb{}\u00a0\u00bb]<\/p>\n<h1>Les actions \u00e0 impact positif que suscitent vos \u00e9v\u00e9nements et voyages organis\u00e9s par la chaine de valeur Invictus<\/h1>\n<p>[\/et_pb_text][\/et_pb_column][\/et_pb_row][et_pb_row _builder_version=\u00a0\u00bb4.16&Prime; global_colors_info=\u00a0\u00bb{}\u00a0\u00bb][et_pb_column type=\u00a0\u00bb4_4&Prime; _builder_version=\u00a0\u00bb4.16&Prime; global_colors_info=\u00a0\u00bb{}\u00a0\u00bb][et_pb_divider show_divider=\u00a0\u00bboff\u00a0\u00bb _builder_version=\u00a0\u00bb4.16&Prime; global_colors_info=\u00a0\u00bb{}\u00a0\u00bb][\/et_pb_divider][\/et_pb_column][\/et_pb_row][\/et_pb_section][et_pb_section fb_built=\u00a0\u00bb1&Prime; admin_label=\u00a0\u00bbProjets\u00a0\u00bb _builder_version=\u00a0\u00bb4.16&Prime; collapsed=\u00a0\u00bboff\u00a0\u00bb global_colors_info=\u00a0\u00bb{}\u00a0\u00bb][et_pb_row _builder_version=\u00a0\u00bb4.16&Prime; global_colors_info=\u00a0\u00bb{}\u00a0\u00bb][et_pb_column type=\u00a0\u00bb4_4&Prime; _builder_version=\u00a0\u00bb4.16&Prime; global_colors_info=\u00a0\u00bb{}\u00a0\u00bb][et_pb_blog fullwidth=\u00a0\u00bboff\u00a0\u00bb include_categories=\u00a0\u00bb33&Prime; use_manual_excerpt=\u00a0\u00bboff\u00a0\u00bb show_author=\u00a0\u00bboff\u00a0\u00bb show_date=\u00a0\u00bboff\u00a0\u00bb show_categories=\u00a0\u00bboff\u00a0\u00bb show_excerpt=\u00a0\u00bboff\u00a0\u00bb show_pagination=\u00a0\u00bboff\u00a0\u00bb _builder_version=\u00a0\u00bb4.18.0&Prime; header_font=\u00a0\u00bbOpen Sans Condensed|700|||||||\u00a0\u00bb header_text_align=\u00a0\u00bbcenter\u00a0\u00bb header_font_size=\u00a0\u00bb24px\u00a0\u00bb header_line_height=\u00a0\u00bb1.4em\u00a0\u00bb read_more_font=\u00a0\u00bb|600|||||||\u00a0\u00bb read_more_letter_spacing=\u00a0\u00bb0.5px\u00a0\u00bb border_width_all=\u00a0\u00bb0px\u00a0\u00bb border_radii_image=\u00a0\u00bboff||20px||20px\u00a0\u00bb box_shadow_style=\u00a0\u00bbpreset3&Prime; global_colors_info=\u00a0\u00bb{}\u00a0\u00bb][\/et_pb_blog][\/et_pb_column][\/et_pb_row][\/et_pb_section]<\/p>\n","protected":false},"excerpt":{"rendered":"<p>Les actions \u00e0 impact positif que suscitent vos \u00e9v\u00e9nements et voyages organis\u00e9s par la chaine de valeur Invictus<\/p>\n","protected":false},"author":1,"featured_media":0,"parent":0,"menu_order":0,"comment_status":"closed","ping_status":"closed","template":"","meta":{"_et_pb_use_builder":"on","_et_pb_old_content":"","_et_gb_content_width":"","footnotes":""},"class_list":["post-1156","page","type-page","status-publish","hentry"],"yoast_head":"<!-- This site is optimized with the Yoast SEO plugin v27.3 - https:\/\/yoast.com\/product\/yoast-seo-wordpress\/ -->\n<title>Nos voyages \u00e9coresponsables - Invictus Corporate<\/title>\n<meta name=\"description\" content=\"Les actions \u00e0 impact positif que suscitent vos \u00e9v\u00e9nements et voyages organis\u00e9s par la chaine de valeur Invictus Corporate Events\" \/>\n<meta name=\"robots\" content=\"index, follow, max-snippet:-1, max-image-preview:large, max-video-preview:-1\" \/>\n<link rel=\"canonical\" href=\"https:\/\/invictus-corporate.com\/rse\/voyages-ecoresponsables\/\" \/>\n<meta property=\"og:locale\" content=\"fr_FR\" \/>\n<meta property=\"og:type\" content=\"article\" \/>\n<meta property=\"og:title\" content=\"Nos voyages \u00e9coresponsables - Invictus Corporate\" \/>\n<meta property=\"og:description\" content=\"Les actions \u00e0 impact positif que suscitent vos \u00e9v\u00e9nements et voyages organis\u00e9s par la chaine de valeur Invictus Corporate Events\" \/>\n<meta property=\"og:url\" content=\"https:\/\/invictus-corporate.com\/rse\/voyages-ecoresponsables\/\" \/>\n<meta property=\"og:site_name\" content=\"Invictus Corporate\" \/>\n<meta property=\"article:modified_time\" content=\"2024-02-15T09:46:16+00:00\" \/>\n<meta name=\"twitter:card\" content=\"summary_large_image\" \/>\n<meta name=\"twitter:label1\" content=\"Dur\u00e9e de lecture estim\u00e9e\" \/>\n\t<meta name=\"twitter:data1\" content=\"4 minutes\" \/>\n<script type=\"application\/ld+json\" class=\"yoast-schema-graph\">{\"@context\":\"https:\\\/\\\/schema.org\",\"@graph\":[{\"@type\":\"WebPage\",\"@id\":\"https:\\\/\\\/invictus-corporate.com\\\/rse\\\/voyages-ecoresponsables\\\/\",\"url\":\"https:\\\/\\\/invictus-corporate.com\\\/rse\\\/voyages-ecoresponsables\\\/\",\"name\":\"Nos voyages \u00e9coresponsables - Invictus Corporate\",\"isPartOf\":{\"@id\":\"https:\\\/\\\/invictus-corporate.com\\\/rse\\\/#website\"},\"datePublished\":\"2021-03-05T17:10:14+00:00\",\"dateModified\":\"2024-02-15T09:46:16+00:00\",\"description\":\"Les actions \u00e0 impact positif que suscitent vos \u00e9v\u00e9nements et voyages organis\u00e9s par la chaine de valeur Invictus Corporate Events\",\"breadcrumb\":{\"@id\":\"https:\\\/\\\/invictus-corporate.com\\\/rse\\\/voyages-ecoresponsables\\\/#breadcrumb\"},\"inLanguage\":\"fr-FR\",\"potentialAction\":[{\"@type\":\"ReadAction\",\"target\":[\"https:\\\/\\\/invictus-corporate.com\\\/rse\\\/voyages-ecoresponsables\\\/\"]}]},{\"@type\":\"BreadcrumbList\",\"@id\":\"https:\\\/\\\/invictus-corporate.com\\\/rse\\\/voyages-ecoresponsables\\\/#breadcrumb\",\"itemListElement\":[{\"@type\":\"ListItem\",\"position\":1,\"name\":\"Accueil\",\"item\":\"https:\\\/\\\/invictus-corporate.com\\\/rse\\\/\"},{\"@type\":\"ListItem\",\"position\":2,\"name\":\"Nos voyages \u00e9coresponsables\"}]},{\"@type\":\"WebSite\",\"@id\":\"https:\\\/\\\/invictus-corporate.com\\\/rse\\\/#website\",\"url\":\"https:\\\/\\\/invictus-corporate.com\\\/rse\\\/\",\"name\":\"Invictus Corporate\",\"description\":\"Responsabilit\u00e9 Soci\u00e9tale des Entreprises\",\"potentialAction\":[{\"@type\":\"SearchAction\",\"target\":{\"@type\":\"EntryPoint\",\"urlTemplate\":\"https:\\\/\\\/invictus-corporate.com\\\/rse\\\/?s={search_term_string}\"},\"query-input\":{\"@type\":\"PropertyValueSpecification\",\"valueRequired\":true,\"valueName\":\"search_term_string\"}}],\"inLanguage\":\"fr-FR\"}]}<\/script>\n<!-- \/ Yoast SEO plugin. -->","yoast_head_json":{"title":"Nos voyages \u00e9coresponsables - Invictus Corporate","description":"Les actions \u00e0 impact positif que suscitent vos \u00e9v\u00e9nements et voyages organis\u00e9s par la chaine de valeur Invictus Corporate Events","robots":{"index":"index","follow":"follow","max-snippet":"max-snippet:-1","max-image-preview":"max-image-preview:large","max-video-preview":"max-video-preview:-1"},"canonical":"https:\/\/invictus-corporate.com\/rse\/voyages-ecoresponsables\/","og_locale":"fr_FR","og_type":"article","og_title":"Nos voyages \u00e9coresponsables - Invictus Corporate","og_description":"Les actions \u00e0 impact positif que suscitent vos \u00e9v\u00e9nements et voyages organis\u00e9s par la chaine de valeur Invictus Corporate Events","og_url":"https:\/\/invictus-corporate.com\/rse\/voyages-ecoresponsables\/","og_site_name":"Invictus Corporate","article_modified_time":"2024-02-15T09:46:16+00:00","twitter_card":"summary_large_image","twitter_misc":{"Dur\u00e9e de lecture estim\u00e9e":"4 minutes"},"schema":{"@context":"https:\/\/schema.org","@graph":[{"@type":"WebPage","@id":"https:\/\/invictus-corporate.com\/rse\/voyages-ecoresponsables\/","url":"https:\/\/invictus-corporate.com\/rse\/voyages-ecoresponsables\/","name":"Nos voyages \u00e9coresponsables - Invictus Corporate","isPartOf":{"@id":"https:\/\/invictus-corporate.com\/rse\/#website"},"datePublished":"2021-03-05T17:10:14+00:00","dateModified":"2024-02-15T09:46:16+00:00","description":"Les actions \u00e0 impact positif que suscitent vos \u00e9v\u00e9nements et voyages organis\u00e9s par la chaine de valeur Invictus Corporate Events","breadcrumb":{"@id":"https:\/\/invictus-corporate.com\/rse\/voyages-ecoresponsables\/#breadcrumb"},"inLanguage":"fr-FR","potentialAction":[{"@type":"ReadAction","target":["https:\/\/invictus-corporate.com\/rse\/voyages-ecoresponsables\/"]}]},{"@type":"BreadcrumbList","@id":"https:\/\/invictus-corporate.com\/rse\/voyages-ecoresponsables\/#breadcrumb","itemListElement":[{"@type":"ListItem","position":1,"name":"Accueil","item":"https:\/\/invictus-corporate.com\/rse\/"},{"@type":"ListItem","position":2,"name":"Nos voyages \u00e9coresponsables"}]},{"@type":"WebSite","@id":"https:\/\/invictus-corporate.com\/rse\/#website","url":"https:\/\/invictus-corporate.com\/rse\/","name":"Invictus Corporate","description":"Responsabilit\u00e9 Soci\u00e9tale des Entreprises","potentialAction":[{"@type":"SearchAction","target":{"@type":"EntryPoint","urlTemplate":"https:\/\/invictus-corporate.com\/rse\/?s={search_term_string}"},"query-input":{"@type":"PropertyValueSpecification","valueRequired":true,"valueName":"search_term_string"}}],"inLanguage":"fr-FR"}]}},"_links":{"self":[{"href":"https:\/\/invictus-corporate.com\/rse\/wp-json\/wp\/v2\/pages\/1156","targetHints":{"allow":["GET"]}}],"collection":[{"href":"https:\/\/invictus-corporate.com\/rse\/wp-json\/wp\/v2\/pages"}],"about":[{"href":"https:\/\/invictus-corporate.com\/rse\/wp-json\/wp\/v2\/types\/page"}],"author":[{"embeddable":true,"href":"https:\/\/invictus-corporate.com\/rse\/wp-json\/wp\/v2\/users\/1"}],"replies":[{"embeddable":true,"href":"https:\/\/invictus-corporate.com\/rse\/wp-json\/wp\/v2\/comments?post=1156"}],"version-history":[{"count":46,"href":"https:\/\/invictus-corporate.com\/rse\/wp-json\/wp\/v2\/pages\/1156\/revisions"}],"predecessor-version":[{"id":2024,"href":"https:\/\/invictus-corporate.com\/rse\/wp-json\/wp\/v2\/pages\/1156\/revisions\/2024"}],"wp:attachment":[{"href":"https:\/\/invictus-corporate.com\/rse\/wp-json\/wp\/v2\/media?parent=1156"}],"curies":[{"name":"wp","href":"https:\/\/api.w.org\/{rel}","templated":true}]}}